{"id":16893,"date":"2025-03-23T17:23:22","date_gmt":"2025-03-23T16:23:22","guid":{"rendered":"https:\/\/dmd2.com\/spottune-landingpage\/"},"modified":"2025-03-23T18:13:10","modified_gmt":"2025-03-23T17:13:10","slug":"spottune-landingpage","status":"publish","type":"page","link":"https:\/\/dmd2.com\/it\/spottune-landingpage\/","title":{"rendered":"Spottune Landingpage"},"content":{"rendered":"\t\t<div data-elementor-type=\"wp-page\" data-elementor-id=\"16893\" class=\"elementor elementor-16893 elementor-16871\" data-elementor-post-type=\"page\">\n\t\t\t\t<div class=\"elementor-element elementor-element-a679c10 e-flex e-con-boxed e-con e-parent\" data-id=\"a679c10\" data-element_type=\"container\" data-e-type=\"container\" data-settings=\"{&quot;background_background&quot;:&quot;classic&quot;}\">\n\t\t\t\t\t<div class=\"e-con-inner\">\n\t\t<div class=\"elementor-element elementor-element-b3e0b3c e-con-full e-flex e-con e-child\" data-id=\"b3e0b3c\" data-element_type=\"container\" data-e-type=\"container\" data-settings=\"{&quot;background_background&quot;:&quot;classic&quot;}\">\n\t\t\t\t<div class=\"elementor-element elementor-element-2dbc873 elementor-widget elementor-widget-heading\" data-id=\"2dbc873\" data-element_type=\"widget\" data-e-type=\"widget\" data-widget_type=\"heading.default\">\n\t\t\t\t<div class=\"elementor-widget-container\">\n\t\t\t\t\t<h3 class=\"elementor-heading-title elementor-size-default\">Spottune Landingpage<\/h3>\t\t\t\t<\/div>\n\t\t\t\t<\/div>\n\t\t\t\t<div class=\"elementor-element elementor-element-d690d10 elementor-widget__width-inherit elementor-widget elementor-widget-heading\" data-id=\"d690d10\" data-element_type=\"widget\" data-e-type=\"widget\" data-widget_type=\"heading.default\">\n\t\t\t\t<div class=\"elementor-widget-container\">\n\t\t\t\t\t<h1 class=\"elementor-heading-title elementor-size-default\">Benvenuti utente di Spottune!<\/h1>\t\t\t\t<\/div>\n\t\t\t\t<\/div>\n\t\t<div class=\"elementor-element elementor-element-4c63876 e-con-full e-flex e-con e-child\" data-id=\"4c63876\" data-element_type=\"container\" data-e-type=\"container\">\n\t\t\t\t<div class=\"elementor-element elementor-element-f7b0204 elementor-widget__width-inherit elementor-widget-mobile__width-inherit elementor-widget elementor-widget-text-editor\" data-id=\"f7b0204\" data-element_type=\"widget\" data-e-type=\"widget\" data-widget_type=\"text-editor.default\">\n\t\t\t\t<div class=\"elementor-widget-container\">\n\t\t\t\t\t\t\t\t\t<p>Aggiungi ora il contenuto giusto alla tua installazione di Spottune! Grazie all&#8217;abbonamento a DMD2 Music, a partire da soli 13,90 CHF al mese!<\/p>\n<p>Con DMD2 Music hai a casa tua oltre 80 canali musicali premium, a seconda dell&#8217;abbonamento, con un&#8217;elevata disponibilit\u00e0, un flusso costante di nuovi brani e, naturalmente, senza interruzioni pubblicitarie.<\/p>\n<h2>Come funziona DMD2 Music con Spottune Cloud<\/h2>\n<p>DMD2 Music \u00e8 disponibile come servizio di streaming direttamente nel Cloud di Spottune. \u00c8 sufficiente selezionare &#8220;DMD2 Music&#8221; nell&#8217;elenco dei servizi musicali. Inserire il nome del canale e l&#8217;URL del canale *), fatto!<\/p>\n<p>Registrati ora utilizzando il link sottostante e goditi due settimane di musica pura direttamente dalla tua installazione Spottune nella migliore qualit\u00e0 audio, gratuitamente e senza impegno.<\/p>\n<p>*) Ricevi gli URL nel tuo account utente myDMD2.<\/p>\n\t\t\t\t\t\t\t\t<\/div>\n\t\t\t\t<\/div>\n\t\t\t\t<div class=\"elementor-element elementor-element-f9468f7 elementor-widget elementor-widget-button\" data-id=\"f9468f7\" data-element_type=\"widget\" data-e-type=\"widget\" data-widget_type=\"button.default\">\n\t\t\t\t<div class=\"elementor-widget-container\">\n\t\t\t\t\t\t\t\t\t<div class=\"elementor-button-wrapper\">\n\t\t\t\t\t<a class=\"elementor-button elementor-button-link elementor-size-sm\" href=\"https:\/\/dashboard.dmd2.com\/\" target=\"_blank\">\n\t\t\t\t\t\t<span class=\"elementor-button-content-wrapper\">\n\t\t\t\t\t\t\t\t\t<span class=\"elementor-button-text\">Registrati ora<\/span>\n\t\t\t\t\t<\/span>\n\t\t\t\t\t<\/a>\n\t\t\t\t<\/div>\n\t\t\t\t\t\t\t\t<\/div>\n\t\t\t\t<\/div>\n\t\t\t\t<div class=\"elementor-element elementor-element-e4d9191 elementor-widget elementor-widget-button\" data-id=\"e4d9191\" data-element_type=\"widget\" data-e-type=\"widget\" data-widget_type=\"button.default\">\n\t\t\t\t<div class=\"elementor-widget-container\">\n\t\t\t\t\t\t\t\t\t<div class=\"elementor-button-wrapper\">\n\t\t\t\t\t<a class=\"elementor-button elementor-button-link elementor-size-sm\" href=\"https:\/\/dmd2.com\/it\/canali\/#preiseundbestellung\">\n\t\t\t\t\t\t<span class=\"elementor-button-content-wrapper\">\n\t\t\t\t\t\t\t\t\t<span class=\"elementor-button-text\">Piani tariffari<\/span>\n\t\t\t\t\t<\/span>\n\t\t\t\t\t<\/a>\n\t\t\t\t<\/div>\n\t\t\t\t\t\t\t\t<\/div>\n\t\t\t\t<\/div>\n\t\t\t\t<\/div>\n\t\t\t\t<div class=\"elementor-element elementor-element-a9c77f8 elementor-widget__width-initial elementor-widget elementor-widget-image\" data-id=\"a9c77f8\" data-element_type=\"widget\" data-e-type=\"widget\" data-widget_type=\"image.default\">\n\t\t\t\t<div class=\"elementor-widget-container\">\n\t\t\t\t\t\t\t\t\t\t\t\t\t\t\t<img decoding=\"async\" src=\"https:\/\/dmd2.com\/wp-content\/uploads\/elementor\/thumbs\/spottune-r3ahf9uyo2xykw16s8vqa4619rbtcm1qbmb6zg88g4.jpg\" title=\"spottune\" alt=\"spottune\" loading=\"lazy\" \/>\t\t\t\t\t\t\t\t\t\t\t\t\t\t\t<\/div>\n\t\t\t\t<\/div>\n\t\t\t\t<\/div>\n\t\t\t\t\t<\/div>\n\t\t\t\t<\/div>\n\t\t<div class=\"elementor-element elementor-element-f181323 e-flex e-con-boxed e-con e-parent\" data-id=\"f181323\" data-element_type=\"container\" data-e-type=\"container\" data-settings=\"{&quot;background_background&quot;:&quot;gradient&quot;}\">\n\t\t\t\t\t<div class=\"e-con-inner\">\n\t\t<div class=\"elementor-element elementor-element-49efb52 e-con-full e-flex e-con e-child\" data-id=\"49efb52\" data-element_type=\"container\" data-e-type=\"container\">\n\t\t\t\t<div class=\"elementor-element elementor-element-c93b8d5 elementor-widget__width-inherit elementor-widget elementor-widget-heading\" data-id=\"c93b8d5\" data-element_type=\"widget\" data-e-type=\"widget\" data-widget_type=\"heading.default\">\n\t\t\t\t<div class=\"elementor-widget-container\">\n\t\t\t\t\t<h3 class=\"elementor-heading-title elementor-size-default\">Flessibile\n<\/h3>\t\t\t\t<\/div>\n\t\t\t\t<\/div>\n\t\t\t\t<div class=\"elementor-element elementor-element-c082608 elementor-widget__width-inherit elementor-widget elementor-widget-heading\" data-id=\"c082608\" data-element_type=\"widget\" data-e-type=\"widget\" data-widget_type=\"heading.default\">\n\t\t\t\t<div class=\"elementor-widget-container\">\n\t\t\t\t\t<h1 class=\"elementor-heading-title elementor-size-default\">A casa su molte piattaforme<\/h1>\t\t\t\t<\/div>\n\t\t\t\t<\/div>\n\t\t\t\t<div class=\"elementor-element elementor-element-c2d1814 elementor-widget__width-inherit elementor-widget-mobile__width-inherit elementor-widget elementor-widget-text-editor\" data-id=\"c2d1814\" data-element_type=\"widget\" data-e-type=\"widget\" data-widget_type=\"text-editor.default\">\n\t\t\t\t<div class=\"elementor-widget-container\">\n\t\t\t\t\t\t\t\t\t<p>I nostri canali musicali DMD2 possono essere ricevuti con una variet\u00e0 di tecnologie di riproduzione, in base alle vostre esigenze e possibilit\u00e0.<\/p>\n\t\t\t\t\t\t\t\t<\/div>\n\t\t\t\t<\/div>\n\t\t\t\t<div class=\"elementor-element elementor-element-1e01c76 elementor-align-left elementor-widget__width-inherit elementor-widget elementor-widget-button\" data-id=\"1e01c76\" data-element_type=\"widget\" data-e-type=\"widget\" data-widget_type=\"button.default\">\n\t\t\t\t<div class=\"elementor-widget-container\">\n\t\t\t\t\t\t\t\t\t<div class=\"elementor-button-wrapper\">\n\t\t\t\t\t<a class=\"elementor-button elementor-button-link elementor-size-sm\" href=\"https:\/\/dmd2.com\/it\/come-funziona\/\">\n\t\t\t\t\t\t<span class=\"elementor-button-content-wrapper\">\n\t\t\t\t\t\t\t\t\t<span class=\"elementor-button-text\">Come funziona<\/span>\n\t\t\t\t\t<\/span>\n\t\t\t\t\t<\/a>\n\t\t\t\t<\/div>\n\t\t\t\t\t\t\t\t<\/div>\n\t\t\t\t<\/div>\n\t\t\t\t<\/div>\n\t\t\t\t<div class=\"elementor-element elementor-element-2a83433 elementor-widget__width-initial elementor-widget elementor-widget-image\" data-id=\"2a83433\" data-element_type=\"widget\" data-e-type=\"widget\" data-widget_type=\"image.default\">\n\t\t\t\t<div class=\"elementor-widget-container\">\n\t\t\t\t\t\t\t\t\t\t\t\t\t\t\t<img fetchpriority=\"high\" decoding=\"async\" width=\"800\" height=\"450\" src=\"https:\/\/dmd2.com\/wp-content\/uploads\/2023\/06\/header-image_so-funktionierts_02-1024x576.png\" class=\"attachment-large size-large wp-image-10367\" alt=\"\" srcset=\"https:\/\/dmd2.com\/wp-content\/uploads\/2023\/06\/header-image_so-funktionierts_02-1024x576.png 1024w, https:\/\/dmd2.com\/wp-content\/uploads\/2023\/06\/header-image_so-funktionierts_02-300x169.png 300w, https:\/\/dmd2.com\/wp-content\/uploads\/2023\/06\/header-image_so-funktionierts_02-768x432.png 768w, https:\/\/dmd2.com\/wp-content\/uploads\/2023\/06\/header-image_so-funktionierts_02-1536x864.png 1536w, https:\/\/dmd2.com\/wp-content\/uploads\/2023\/06\/header-image_so-funktionierts_02.png 1920w\" sizes=\"(max-width: 800px) 100vw, 800px\" \/>\t\t\t\t\t\t\t\t\t\t\t\t\t\t\t<\/div>\n\t\t\t\t<\/div>\n\t\t\t\t\t<\/div>\n\t\t\t\t<\/div>\n\t\t<div class=\"elementor-element elementor-element-443ca1b e-flex e-con-boxed e-con e-parent\" data-id=\"443ca1b\" data-element_type=\"container\" data-e-type=\"container\">\n\t\t\t\t\t<div class=\"e-con-inner\">\n\t\t\t\t<div class=\"elementor-element elementor-element-d90b18e elementor-widget-divider--view-line elementor-widget elementor-widget-divider\" data-id=\"d90b18e\" data-element_type=\"widget\" data-e-type=\"widget\" data-widget_type=\"divider.default\">\n\t\t\t\t<div class=\"elementor-widget-container\">\n\t\t\t\t\t\t\t<div class=\"elementor-divider\">\n\t\t\t<span class=\"elementor-divider-separator\">\n\t\t\t\t\t\t<\/span>\n\t\t<\/div>\n\t\t\t\t\t\t<\/div>\n\t\t\t\t<\/div>\n\t\t\t\t\t<\/div>\n\t\t\t\t<\/div>\n\t\t\t\t<\/div>\n\t\t","protected":false},"excerpt":{"rendered":"<p>Spottune Landingpage Benvenuti utente di Spottune! Aggiungi ora il contenuto giusto alla tua installazione di Spottune! Grazie all&#8217;abbonamento a DMD2 Music, a partire da soli 13,90 CHF al mese! Con DMD2 Music hai a casa tua oltre 80 canali musicali premium, a seconda dell&#8217;abbonamento, con un&#8217;elevata disponibilit\u00e0, un flusso costante di nuovi brani e, naturalmente, [&hellip;]<\/p>\n","protected":false},"author":6,"featured_media":0,"parent":0,"menu_order":0,"comment_status":"closed","ping_status":"closed","template":"","meta":{"footnotes":""},"class_list":["post-16893","page","type-page","status-publish","hentry"],"yoast_head":"<!-- This site is optimized with the Yoast SEO plugin v27.3 - https:\/\/yoast.com\/product\/yoast-seo-wordpress\/ -->\n<title>Spottune Landingpage<\/title>\n<meta name=\"description\" content=\"Spottune Landingpage %\" \/>\n<meta name=\"robots\" content=\"index, follow, max-snippet:-1, max-image-preview:large, max-video-preview:-1\" \/>\n<link rel=\"canonical\" href=\"https:\/\/dmd2.com\/it\/spottune-landingpage\/\" \/>\n<meta property=\"og:locale\" content=\"it_IT\" \/>\n<meta property=\"og:type\" content=\"article\" \/>\n<meta property=\"og:title\" content=\"Spottune Landingpage\" \/>\n<meta property=\"og:description\" content=\"Spottune Landingpage %\" \/>\n<meta property=\"og:url\" content=\"https:\/\/dmd2.com\/it\/spottune-landingpage\/\" \/>\n<meta property=\"og:site_name\" content=\"DMD2 \u2013 Hintergrundmusik f\u00fcr Unternehmen\" \/>\n<meta property=\"article:publisher\" content=\"https:\/\/www.facebook.com\/DMD2AG\" \/>\n<meta property=\"article:modified_time\" content=\"2025-03-23T17:13:10+00:00\" \/>\n<meta property=\"og:image\" content=\"https:\/\/dmd2.com\/wp-content\/uploads\/elementor\/thumbs\/spottune-r3ahf9uyo2xykw16s8vqa4619rbtcm1qbmb6zg88g4.jpg\" \/>\n<meta name=\"twitter:card\" content=\"summary_large_image\" \/>\n<meta name=\"twitter:site\" content=\"@dmd2\" \/>\n<meta name=\"twitter:label1\" content=\"Tempo di lettura stimato\" \/>\n\t<meta name=\"twitter:data1\" content=\"1 minuto\" \/>\n<script type=\"application\/ld+json\" class=\"yoast-schema-graph\">{\"@context\":\"https:\\\/\\\/schema.org\",\"@graph\":[{\"@type\":\"WebPage\",\"@id\":\"https:\\\/\\\/dmd2.com\\\/it\\\/spottune-landingpage\\\/\",\"url\":\"https:\\\/\\\/dmd2.com\\\/it\\\/spottune-landingpage\\\/\",\"name\":\"Spottune Landingpage\",\"isPartOf\":{\"@id\":\"https:\\\/\\\/dmd2.com\\\/it\\\/#website\"},\"primaryImageOfPage\":{\"@id\":\"https:\\\/\\\/dmd2.com\\\/it\\\/spottune-landingpage\\\/#primaryimage\"},\"image\":{\"@id\":\"https:\\\/\\\/dmd2.com\\\/it\\\/spottune-landingpage\\\/#primaryimage\"},\"thumbnailUrl\":\"https:\\\/\\\/dmd2.com\\\/wp-content\\\/uploads\\\/elementor\\\/thumbs\\\/spottune-r3ahf9uyo2xykw16s8vqa4619rbtcm1qbmb6zg88g4.jpg\",\"datePublished\":\"2025-03-23T16:23:22+00:00\",\"dateModified\":\"2025-03-23T17:13:10+00:00\",\"description\":\"Spottune Landingpage %\",\"breadcrumb\":{\"@id\":\"https:\\\/\\\/dmd2.com\\\/it\\\/spottune-landingpage\\\/#breadcrumb\"},\"inLanguage\":\"it-IT\",\"potentialAction\":[{\"@type\":\"ReadAction\",\"target\":[\"https:\\\/\\\/dmd2.com\\\/it\\\/spottune-landingpage\\\/\"]}]},{\"@type\":\"ImageObject\",\"inLanguage\":\"it-IT\",\"@id\":\"https:\\\/\\\/dmd2.com\\\/it\\\/spottune-landingpage\\\/#primaryimage\",\"url\":\"https:\\\/\\\/dmd2.com\\\/wp-content\\\/uploads\\\/elementor\\\/thumbs\\\/spottune-r3ahf9uyo2xykw16s8vqa4619rbtcm1qbmb6zg88g4.jpg\",\"contentUrl\":\"https:\\\/\\\/dmd2.com\\\/wp-content\\\/uploads\\\/elementor\\\/thumbs\\\/spottune-r3ahf9uyo2xykw16s8vqa4619rbtcm1qbmb6zg88g4.jpg\"},{\"@type\":\"BreadcrumbList\",\"@id\":\"https:\\\/\\\/dmd2.com\\\/it\\\/spottune-landingpage\\\/#breadcrumb\",\"itemListElement\":[{\"@type\":\"ListItem\",\"position\":1,\"name\":\"Startseite\",\"item\":\"https:\\\/\\\/dmd2.com\\\/it\\\/start\\\/\"},{\"@type\":\"ListItem\",\"position\":2,\"name\":\"Spottune Landingpage\"}]},{\"@type\":\"WebSite\",\"@id\":\"https:\\\/\\\/dmd2.com\\\/it\\\/#website\",\"url\":\"https:\\\/\\\/dmd2.com\\\/it\\\/\",\"name\":\"DMD2 - Technology & Emotion, Hintergrundmusik f\u00fcr Unternehmen\",\"description\":\"GEMA-freie und lizenzierte Musikl\u00f6sungen f\u00fcr Ihr Restaurant, Hotel, Studio, Shop, oder Filiale. Instore Audio, Playlists individuell erstellt. Jetzt gratis testen!\",\"publisher\":{\"@id\":\"https:\\\/\\\/dmd2.com\\\/it\\\/#organization\"},\"potentialAction\":[{\"@type\":\"SearchAction\",\"target\":{\"@type\":\"EntryPoint\",\"urlTemplate\":\"https:\\\/\\\/dmd2.com\\\/it\\\/?s={search_term_string}\"},\"query-input\":{\"@type\":\"PropertyValueSpecification\",\"valueRequired\":true,\"valueName\":\"search_term_string\"}}],\"inLanguage\":\"it-IT\"},{\"@type\":\"Organization\",\"@id\":\"https:\\\/\\\/dmd2.com\\\/it\\\/#organization\",\"name\":\"DMD2\",\"url\":\"https:\\\/\\\/dmd2.com\\\/it\\\/\",\"logo\":{\"@type\":\"ImageObject\",\"inLanguage\":\"it-IT\",\"@id\":\"https:\\\/\\\/dmd2.com\\\/it\\\/#\\\/schema\\\/logo\\\/image\\\/\",\"url\":\"https:\\\/\\\/dmd2.com\\\/wp-content\\\/uploads\\\/2023\\\/05\\\/logo_technology-emotion.png\",\"contentUrl\":\"https:\\\/\\\/dmd2.com\\\/wp-content\\\/uploads\\\/2023\\\/05\\\/logo_technology-emotion.png\",\"width\":874,\"height\":248,\"caption\":\"DMD2\"},\"image\":{\"@id\":\"https:\\\/\\\/dmd2.com\\\/it\\\/#\\\/schema\\\/logo\\\/image\\\/\"},\"sameAs\":[\"https:\\\/\\\/www.facebook.com\\\/DMD2AG\",\"https:\\\/\\\/x.com\\\/dmd2\",\"https:\\\/\\\/www.instagram.com\\\/dmd2__\",\"https:\\\/\\\/www.linkedin.com\\\/company\\\/digitalmediadistribution\\\/\"]}]}<\/script>\n<!-- \/ Yoast SEO plugin. -->","yoast_head_json":{"title":"Spottune Landingpage","description":"Spottune Landingpage %","robots":{"index":"index","follow":"follow","max-snippet":"max-snippet:-1","max-image-preview":"max-image-preview:large","max-video-preview":"max-video-preview:-1"},"canonical":"https:\/\/dmd2.com\/it\/spottune-landingpage\/","og_locale":"it_IT","og_type":"article","og_title":"Spottune Landingpage","og_description":"Spottune Landingpage %","og_url":"https:\/\/dmd2.com\/it\/spottune-landingpage\/","og_site_name":"DMD2 \u2013 Hintergrundmusik f\u00fcr Unternehmen","article_publisher":"https:\/\/www.facebook.com\/DMD2AG","article_modified_time":"2025-03-23T17:13:10+00:00","og_image":[{"url":"https:\/\/dmd2.com\/wp-content\/uploads\/elementor\/thumbs\/spottune-r3ahf9uyo2xykw16s8vqa4619rbtcm1qbmb6zg88g4.jpg","type":"","width":"","height":""}],"twitter_card":"summary_large_image","twitter_site":"@dmd2","twitter_misc":{"Tempo di lettura stimato":"1 minuto"},"schema":{"@context":"https:\/\/schema.org","@graph":[{"@type":"WebPage","@id":"https:\/\/dmd2.com\/it\/spottune-landingpage\/","url":"https:\/\/dmd2.com\/it\/spottune-landingpage\/","name":"Spottune Landingpage","isPartOf":{"@id":"https:\/\/dmd2.com\/it\/#website"},"primaryImageOfPage":{"@id":"https:\/\/dmd2.com\/it\/spottune-landingpage\/#primaryimage"},"image":{"@id":"https:\/\/dmd2.com\/it\/spottune-landingpage\/#primaryimage"},"thumbnailUrl":"https:\/\/dmd2.com\/wp-content\/uploads\/elementor\/thumbs\/spottune-r3ahf9uyo2xykw16s8vqa4619rbtcm1qbmb6zg88g4.jpg","datePublished":"2025-03-23T16:23:22+00:00","dateModified":"2025-03-23T17:13:10+00:00","description":"Spottune Landingpage %","breadcrumb":{"@id":"https:\/\/dmd2.com\/it\/spottune-landingpage\/#breadcrumb"},"inLanguage":"it-IT","potentialAction":[{"@type":"ReadAction","target":["https:\/\/dmd2.com\/it\/spottune-landingpage\/"]}]},{"@type":"ImageObject","inLanguage":"it-IT","@id":"https:\/\/dmd2.com\/it\/spottune-landingpage\/#primaryimage","url":"https:\/\/dmd2.com\/wp-content\/uploads\/elementor\/thumbs\/spottune-r3ahf9uyo2xykw16s8vqa4619rbtcm1qbmb6zg88g4.jpg","contentUrl":"https:\/\/dmd2.com\/wp-content\/uploads\/elementor\/thumbs\/spottune-r3ahf9uyo2xykw16s8vqa4619rbtcm1qbmb6zg88g4.jpg"},{"@type":"BreadcrumbList","@id":"https:\/\/dmd2.com\/it\/spottune-landingpage\/#breadcrumb","itemListElement":[{"@type":"ListItem","position":1,"name":"Startseite","item":"https:\/\/dmd2.com\/it\/start\/"},{"@type":"ListItem","position":2,"name":"Spottune Landingpage"}]},{"@type":"WebSite","@id":"https:\/\/dmd2.com\/it\/#website","url":"https:\/\/dmd2.com\/it\/","name":"DMD2 - Technology & Emotion, Hintergrundmusik f\u00fcr Unternehmen","description":"GEMA-freie und lizenzierte Musikl\u00f6sungen f\u00fcr Ihr Restaurant, Hotel, Studio, Shop, oder Filiale. Instore Audio, Playlists individuell erstellt. Jetzt gratis testen!","publisher":{"@id":"https:\/\/dmd2.com\/it\/#organization"},"potentialAction":[{"@type":"SearchAction","target":{"@type":"EntryPoint","urlTemplate":"https:\/\/dmd2.com\/it\/?s={search_term_string}"},"query-input":{"@type":"PropertyValueSpecification","valueRequired":true,"valueName":"search_term_string"}}],"inLanguage":"it-IT"},{"@type":"Organization","@id":"https:\/\/dmd2.com\/it\/#organization","name":"DMD2","url":"https:\/\/dmd2.com\/it\/","logo":{"@type":"ImageObject","inLanguage":"it-IT","@id":"https:\/\/dmd2.com\/it\/#\/schema\/logo\/image\/","url":"https:\/\/dmd2.com\/wp-content\/uploads\/2023\/05\/logo_technology-emotion.png","contentUrl":"https:\/\/dmd2.com\/wp-content\/uploads\/2023\/05\/logo_technology-emotion.png","width":874,"height":248,"caption":"DMD2"},"image":{"@id":"https:\/\/dmd2.com\/it\/#\/schema\/logo\/image\/"},"sameAs":["https:\/\/www.facebook.com\/DMD2AG","https:\/\/x.com\/dmd2","https:\/\/www.instagram.com\/dmd2__","https:\/\/www.linkedin.com\/company\/digitalmediadistribution\/"]}]}},"_links":{"self":[{"href":"https:\/\/dmd2.com\/it\/wp-json\/wp\/v2\/pages\/16893","targetHints":{"allow":["GET"]}}],"collection":[{"href":"https:\/\/dmd2.com\/it\/wp-json\/wp\/v2\/pages"}],"about":[{"href":"https:\/\/dmd2.com\/it\/wp-json\/wp\/v2\/types\/page"}],"author":[{"embeddable":true,"href":"https:\/\/dmd2.com\/it\/wp-json\/wp\/v2\/users\/6"}],"replies":[{"embeddable":true,"href":"https:\/\/dmd2.com\/it\/wp-json\/wp\/v2\/comments?post=16893"}],"version-history":[{"count":5,"href":"https:\/\/dmd2.com\/it\/wp-json\/wp\/v2\/pages\/16893\/revisions"}],"predecessor-version":[{"id":16898,"href":"https:\/\/dmd2.com\/it\/wp-json\/wp\/v2\/pages\/16893\/revisions\/16898"}],"wp:attachment":[{"href":"https:\/\/dmd2.com\/it\/wp-json\/wp\/v2\/media?parent=16893"}],"curies":[{"name":"wp","href":"https:\/\/api.w.org\/{rel}","templated":true}]}}