{"id":14501,"date":"2023-06-16T11:44:24","date_gmt":"2023-06-16T09:44:24","guid":{"rendered":"https:\/\/dmd2.com\/impressum\/"},"modified":"2024-01-05T20:29:00","modified_gmt":"2024-01-05T19:29:00","slug":"impronta","status":"publish","type":"page","link":"https:\/\/dmd2.com\/it\/impronta\/","title":{"rendered":"Impronta"},"content":{"rendered":"\t\t<div data-elementor-type=\"wp-page\" data-elementor-id=\"14501\" class=\"elementor elementor-14501 elementor-6596\" data-elementor-post-type=\"page\">\n\t\t\t\t<div class=\"elementor-element elementor-element-a679c10 e-flex e-con-boxed e-con e-parent\" data-id=\"a679c10\" data-element_type=\"container\" data-e-type=\"container\" data-settings=\"{&quot;background_background&quot;:&quot;classic&quot;}\">\n\t\t\t\t\t<div class=\"e-con-inner\">\n\t\t\t\t<div class=\"elementor-element elementor-element-fd43779 elementor-widget__width-inherit elementor-widget elementor-widget-heading\" data-id=\"fd43779\" data-element_type=\"widget\" data-e-type=\"widget\" data-widget_type=\"heading.default\">\n\t\t\t\t<div class=\"elementor-widget-container\">\n\t\t\t\t\t<h1 class=\"elementor-heading-title elementor-size-default\">Impronta<\/h1>\t\t\t\t<\/div>\n\t\t\t\t<\/div>\n\t\t\t\t<div class=\"elementor-element elementor-element-41e4635 elementor-widget__width-initial elementor-widget-mobile__width-inherit elementor-widget elementor-widget-text-editor\" data-id=\"41e4635\" data-element_type=\"widget\" data-e-type=\"widget\" data-widget_type=\"text-editor.default\">\n\t\t\t\t<div class=\"elementor-widget-container\">\n\t\t\t\t\t\t\t\t\t<h2>Sito web:<\/h2>\n<p>Redazione: DMD2<\/p>\n<p>Screendesign: Julia Curty (<a href=\"https:\/\/superscript.ch\">SUPERSCRIPT<\/a> GmbH)<\/p>\n<p>Realizzazione: Jael Sch\u00fctz (<a href=\"https:\/\/smartkmu.com\">smartkmu.com<\/a>)<\/p>\n<p>Foto di squadra: Micha Riechsteiner (<a href=\"https:\/\/www.michariechsteiner.ch\/\">Riechsteiner Fotografie<\/a>)<\/p>\n<p>Imagini: Midjourney KI<\/p>\n<p>Questo sito web \u00e8 stato ottimizzato per tutti i browser, ad eccezione di IE6.<\/p>\n<h2>Dichiarazione di non responsabilit\u00e0<\/h2>\n<p>Digital Media Distribution AG non si assume alcuna responsabilit\u00e0 per le informazioni accessibili da o tramite il sito web www.dmd2.com.<\/p>\n<p>Le informazioni contenute in questo sito web possono cambiare in qualsiasi momento. Digital Media Distribution AG non pu\u00f2 garantire la completezza e l&#8217;aggiornamento di queste informazioni.<\/p>\n<p>L&#8217;uso di questo sito web \u00e8 a rischio del visitatore.<\/p>\n<h2>Diritti d&#8217;autore<\/h2>\n<p>I diritti d&#8217;autore e tutti gli altri diritti su contenuti, immagini, foto o altri file presenti sul sito web appartengono esclusivamente a <strong>Digital Media Distribution AG<\/strong> o ai titolari dei diritti specificamente indicati. Per la riproduzione di qualsiasi elemento \u00e8 necessario ottenere preventivamente il consenso scritto del titolare del copyright.<\/p>\n<h2>Protezione dei dati<\/h2>\n<p>Per quanto riguarda la protezione dei dati, vi invitiamo a consultare la nostra informativa sulla privacy, sempre aggiornata, al seguente indirizzo:<a href=\"https:\/\/dmd2.com\/it\/data-protection\/\">https:\/\/dmd2.com\/it\/protezionedeidati<\/a> .<\/p>\n\t\t\t\t\t\t\t\t<\/div>\n\t\t\t\t<\/div>\n\t\t\t\t\t<\/div>\n\t\t\t\t<\/div>\n\t\t<div class=\"elementor-element elementor-element-26fa1a2 e-flex e-con-boxed e-con e-parent\" data-id=\"26fa1a2\" data-element_type=\"container\" data-e-type=\"container\" data-settings=\"{&quot;background_background&quot;:&quot;gradient&quot;}\">\n\t\t\t\t\t<div class=\"e-con-inner\">\n\t\t<div class=\"elementor-element elementor-element-0921e8e e-con-full e-flex e-con e-parent\" data-id=\"0921e8e\" data-element_type=\"container\" data-e-type=\"container\">\n\t\t\t\t<div class=\"elementor-element elementor-element-e7111de elementor-widget__width-inherit elementor-widget elementor-widget-heading\" data-id=\"e7111de\" data-element_type=\"widget\" data-e-type=\"widget\" data-widget_type=\"heading.default\">\n\t\t\t\t<div class=\"elementor-widget-container\">\n\t\t\t\t\t<h1 class=\"elementor-heading-title elementor-size-default\">DMD2<\/h1>\t\t\t\t<\/div>\n\t\t\t\t<\/div>\n\t\t\t\t<div class=\"elementor-element elementor-element-2c31e0f elementor-widget__width-inherit elementor-widget-mobile__width-inherit elementor-widget elementor-widget-text-editor\" data-id=\"2c31e0f\" data-element_type=\"widget\" data-e-type=\"widget\" data-widget_type=\"text-editor.default\">\n\t\t\t\t<div class=\"elementor-widget-container\">\n\t\t\t\t\t\t\t\t\t<p>Digital Media Distribution AG<br \/>Bernstrasse 99<br \/>CH-3122 KEHRSATZ<br \/>Svizzera<\/p>\n<p>Telefono: +41 31 961 61 12<br \/>Fax: +41 31 961 61 14<\/p>\n\t\t\t\t\t\t\t\t<\/div>\n\t\t\t\t<\/div>\n\t\t\t\t<div class=\"elementor-element elementor-element-c6cc1f5 elementor-widget__width-inherit elementor-widget-mobile__width-inherit elementor-widget elementor-widget-text-editor\" data-id=\"c6cc1f5\" data-element_type=\"widget\" data-e-type=\"widget\" data-widget_type=\"text-editor.default\">\n\t\t\t\t<div class=\"elementor-widget-container\">\n\t\t\t\t\t\t\t\t\t<p>UID: CHE-112.140.720<\/p>\n\t\t\t\t\t\t\t\t<\/div>\n\t\t\t\t<\/div>\n\t\t\t\t<div class=\"elementor-element elementor-element-1acb48f elementor-align-left elementor-widget__width-inherit elementor-widget elementor-widget-button\" data-id=\"1acb48f\" data-element_type=\"widget\" data-e-type=\"widget\" data-widget_type=\"button.default\">\n\t\t\t\t<div class=\"elementor-widget-container\">\n\t\t\t\t\t\t\t\t\t<div class=\"elementor-button-wrapper\">\n\t\t\t\t\t<a class=\"elementor-button elementor-button-link elementor-size-sm\" href=\"https:\/\/dmd2.com\/it\/contatto\/\">\n\t\t\t\t\t\t<span class=\"elementor-button-content-wrapper\">\n\t\t\t\t\t\t\t\t\t<span class=\"elementor-button-text\">modulo di contatto<\/span>\n\t\t\t\t\t<\/span>\n\t\t\t\t\t<\/a>\n\t\t\t\t<\/div>\n\t\t\t\t\t\t\t\t<\/div>\n\t\t\t\t<\/div>\n\t\t\t\t<\/div>\n\t\t\t\t<div class=\"elementor-element elementor-element-3d7f3eb elementor-widget__width-initial elementor-widget-mobile__width-inherit elementor-widget elementor-widget-google_maps\" data-id=\"3d7f3eb\" data-element_type=\"widget\" data-e-type=\"widget\" data-widget_type=\"google_maps.default\">\n\t\t\t\t<div class=\"elementor-widget-container\">\n\t\t\t\t\t\t\t<div class=\"elementor-custom-embed\">\n\t\t\t<iframe loading=\"lazy\"\n\t\t\t\t\tsrc=\"https:\/\/maps.google.com\/maps?q=bernstrasse%2099%2C%20kehrsatz&#038;t=m&#038;z=17&#038;output=embed&#038;iwloc=near\"\n\t\t\t\t\ttitle=\"bernstrasse 99, kehrsatz\"\n\t\t\t\t\taria-label=\"bernstrasse 99, kehrsatz\"\n\t\t\t><\/iframe>\n\t\t<\/div>\n\t\t\t\t\t\t<\/div>\n\t\t\t\t<\/div>\n\t\t\t\t\t<\/div>\n\t\t\t\t<\/div>\n\t\t\t\t<\/div>\n\t\t","protected":false},"excerpt":{"rendered":"<p>Impronta Sito web: Redazione: DMD2 Screendesign: Julia Curty (SUPERSCRIPT GmbH) Realizzazione: Jael Sch\u00fctz (smartkmu.com) Foto di squadra: Micha Riechsteiner (Riechsteiner Fotografie) Imagini: Midjourney KI Questo sito web \u00e8 stato ottimizzato per tutti i browser, ad eccezione di IE6. Dichiarazione di non responsabilit\u00e0 Digital Media Distribution AG non si assume alcuna responsabilit\u00e0 per le informazioni accessibili [&hellip;]<\/p>\n","protected":false},"author":6,"featured_media":0,"parent":0,"menu_order":0,"comment_status":"closed","ping_status":"closed","template":"","meta":{"footnotes":""},"class_list":["post-14501","page","type-page","status-publish","hentry"],"yoast_head":"<!-- This site is optimized with the Yoast SEO plugin v27.3 - https:\/\/yoast.com\/product\/yoast-seo-wordpress\/ -->\n<title>Impronta<\/title>\n<meta name=\"description\" content=\"Impronta %\" \/>\n<meta name=\"robots\" content=\"index, follow, max-snippet:-1, max-image-preview:large, max-video-preview:-1\" \/>\n<link rel=\"canonical\" href=\"https:\/\/dmd2.com\/it\/impronta\/\" \/>\n<meta property=\"og:locale\" content=\"it_IT\" \/>\n<meta property=\"og:type\" content=\"article\" \/>\n<meta property=\"og:title\" content=\"Impronta\" \/>\n<meta property=\"og:description\" content=\"Impronta %\" \/>\n<meta property=\"og:url\" content=\"https:\/\/dmd2.com\/it\/impronta\/\" \/>\n<meta property=\"og:site_name\" content=\"DMD2 \u2013 Hintergrundmusik f\u00fcr Unternehmen\" \/>\n<meta property=\"article:publisher\" content=\"https:\/\/www.facebook.com\/DMD2AG\" \/>\n<meta property=\"article:modified_time\" content=\"2024-01-05T19:29:00+00:00\" \/>\n<meta property=\"og:image\" content=\"https:\/\/dmd2.com\/wp-content\/uploads\/2023\/07\/header-image_home.png\" \/>\n\t<meta property=\"og:image:width\" content=\"1920\" \/>\n\t<meta property=\"og:image:height\" content=\"1080\" \/>\n\t<meta property=\"og:image:type\" content=\"image\/png\" \/>\n<meta name=\"twitter:card\" content=\"summary_large_image\" \/>\n<meta name=\"twitter:site\" content=\"@dmd2\" \/>\n<meta name=\"twitter:label1\" content=\"Tempo di lettura stimato\" \/>\n\t<meta name=\"twitter:data1\" content=\"1 minuto\" \/>\n<script type=\"application\/ld+json\" class=\"yoast-schema-graph\">{\"@context\":\"https:\\\/\\\/schema.org\",\"@graph\":[{\"@type\":\"WebPage\",\"@id\":\"https:\\\/\\\/dmd2.com\\\/it\\\/impronta\\\/\",\"url\":\"https:\\\/\\\/dmd2.com\\\/it\\\/impronta\\\/\",\"name\":\"Impronta\",\"isPartOf\":{\"@id\":\"https:\\\/\\\/dmd2.com\\\/it\\\/#website\"},\"datePublished\":\"2023-06-16T09:44:24+00:00\",\"dateModified\":\"2024-01-05T19:29:00+00:00\",\"description\":\"Impronta %\",\"breadcrumb\":{\"@id\":\"https:\\\/\\\/dmd2.com\\\/it\\\/impronta\\\/#breadcrumb\"},\"inLanguage\":\"it-IT\",\"potentialAction\":[{\"@type\":\"ReadAction\",\"target\":[\"https:\\\/\\\/dmd2.com\\\/it\\\/impronta\\\/\"]}]},{\"@type\":\"BreadcrumbList\",\"@id\":\"https:\\\/\\\/dmd2.com\\\/it\\\/impronta\\\/#breadcrumb\",\"itemListElement\":[{\"@type\":\"ListItem\",\"position\":1,\"name\":\"Startseite\",\"item\":\"https:\\\/\\\/dmd2.com\\\/it\\\/start\\\/\"},{\"@type\":\"ListItem\",\"position\":2,\"name\":\"Impronta\"}]},{\"@type\":\"WebSite\",\"@id\":\"https:\\\/\\\/dmd2.com\\\/it\\\/#website\",\"url\":\"https:\\\/\\\/dmd2.com\\\/it\\\/\",\"name\":\"DMD2 - Technology & Emotion, Hintergrundmusik f\u00fcr Unternehmen\",\"description\":\"GEMA-freie und lizenzierte Musikl\u00f6sungen f\u00fcr Ihr Restaurant, Hotel, Studio, Shop, oder Filiale. Instore Audio, Playlists individuell erstellt. Jetzt gratis testen!\",\"publisher\":{\"@id\":\"https:\\\/\\\/dmd2.com\\\/it\\\/#organization\"},\"potentialAction\":[{\"@type\":\"SearchAction\",\"target\":{\"@type\":\"EntryPoint\",\"urlTemplate\":\"https:\\\/\\\/dmd2.com\\\/it\\\/?s={search_term_string}\"},\"query-input\":{\"@type\":\"PropertyValueSpecification\",\"valueRequired\":true,\"valueName\":\"search_term_string\"}}],\"inLanguage\":\"it-IT\"},{\"@type\":\"Organization\",\"@id\":\"https:\\\/\\\/dmd2.com\\\/it\\\/#organization\",\"name\":\"DMD2\",\"url\":\"https:\\\/\\\/dmd2.com\\\/it\\\/\",\"logo\":{\"@type\":\"ImageObject\",\"inLanguage\":\"it-IT\",\"@id\":\"https:\\\/\\\/dmd2.com\\\/it\\\/#\\\/schema\\\/logo\\\/image\\\/\",\"url\":\"https:\\\/\\\/dmd2.com\\\/wp-content\\\/uploads\\\/2023\\\/05\\\/logo_technology-emotion.png\",\"contentUrl\":\"https:\\\/\\\/dmd2.com\\\/wp-content\\\/uploads\\\/2023\\\/05\\\/logo_technology-emotion.png\",\"width\":874,\"height\":248,\"caption\":\"DMD2\"},\"image\":{\"@id\":\"https:\\\/\\\/dmd2.com\\\/it\\\/#\\\/schema\\\/logo\\\/image\\\/\"},\"sameAs\":[\"https:\\\/\\\/www.facebook.com\\\/DMD2AG\",\"https:\\\/\\\/x.com\\\/dmd2\",\"https:\\\/\\\/www.instagram.com\\\/dmd2__\",\"https:\\\/\\\/www.linkedin.com\\\/company\\\/digitalmediadistribution\\\/\"]}]}<\/script>\n<!-- \/ Yoast SEO plugin. -->","yoast_head_json":{"title":"Impronta","description":"Impronta %","robots":{"index":"index","follow":"follow","max-snippet":"max-snippet:-1","max-image-preview":"max-image-preview:large","max-video-preview":"max-video-preview:-1"},"canonical":"https:\/\/dmd2.com\/it\/impronta\/","og_locale":"it_IT","og_type":"article","og_title":"Impronta","og_description":"Impronta %","og_url":"https:\/\/dmd2.com\/it\/impronta\/","og_site_name":"DMD2 \u2013 Hintergrundmusik f\u00fcr Unternehmen","article_publisher":"https:\/\/www.facebook.com\/DMD2AG","article_modified_time":"2024-01-05T19:29:00+00:00","og_image":[{"width":1920,"height":1080,"url":"https:\/\/dmd2.com\/wp-content\/uploads\/2023\/07\/header-image_home.png","type":"image\/png"}],"twitter_card":"summary_large_image","twitter_site":"@dmd2","twitter_misc":{"Tempo di lettura stimato":"1 minuto"},"schema":{"@context":"https:\/\/schema.org","@graph":[{"@type":"WebPage","@id":"https:\/\/dmd2.com\/it\/impronta\/","url":"https:\/\/dmd2.com\/it\/impronta\/","name":"Impronta","isPartOf":{"@id":"https:\/\/dmd2.com\/it\/#website"},"datePublished":"2023-06-16T09:44:24+00:00","dateModified":"2024-01-05T19:29:00+00:00","description":"Impronta %","breadcrumb":{"@id":"https:\/\/dmd2.com\/it\/impronta\/#breadcrumb"},"inLanguage":"it-IT","potentialAction":[{"@type":"ReadAction","target":["https:\/\/dmd2.com\/it\/impronta\/"]}]},{"@type":"BreadcrumbList","@id":"https:\/\/dmd2.com\/it\/impronta\/#breadcrumb","itemListElement":[{"@type":"ListItem","position":1,"name":"Startseite","item":"https:\/\/dmd2.com\/it\/start\/"},{"@type":"ListItem","position":2,"name":"Impronta"}]},{"@type":"WebSite","@id":"https:\/\/dmd2.com\/it\/#website","url":"https:\/\/dmd2.com\/it\/","name":"DMD2 - Technology & Emotion, Hintergrundmusik f\u00fcr Unternehmen","description":"GEMA-freie und lizenzierte Musikl\u00f6sungen f\u00fcr Ihr Restaurant, Hotel, Studio, Shop, oder Filiale. Instore Audio, Playlists individuell erstellt. Jetzt gratis testen!","publisher":{"@id":"https:\/\/dmd2.com\/it\/#organization"},"potentialAction":[{"@type":"SearchAction","target":{"@type":"EntryPoint","urlTemplate":"https:\/\/dmd2.com\/it\/?s={search_term_string}"},"query-input":{"@type":"PropertyValueSpecification","valueRequired":true,"valueName":"search_term_string"}}],"inLanguage":"it-IT"},{"@type":"Organization","@id":"https:\/\/dmd2.com\/it\/#organization","name":"DMD2","url":"https:\/\/dmd2.com\/it\/","logo":{"@type":"ImageObject","inLanguage":"it-IT","@id":"https:\/\/dmd2.com\/it\/#\/schema\/logo\/image\/","url":"https:\/\/dmd2.com\/wp-content\/uploads\/2023\/05\/logo_technology-emotion.png","contentUrl":"https:\/\/dmd2.com\/wp-content\/uploads\/2023\/05\/logo_technology-emotion.png","width":874,"height":248,"caption":"DMD2"},"image":{"@id":"https:\/\/dmd2.com\/it\/#\/schema\/logo\/image\/"},"sameAs":["https:\/\/www.facebook.com\/DMD2AG","https:\/\/x.com\/dmd2","https:\/\/www.instagram.com\/dmd2__","https:\/\/www.linkedin.com\/company\/digitalmediadistribution\/"]}]}},"_links":{"self":[{"href":"https:\/\/dmd2.com\/it\/wp-json\/wp\/v2\/pages\/14501","targetHints":{"allow":["GET"]}}],"collection":[{"href":"https:\/\/dmd2.com\/it\/wp-json\/wp\/v2\/pages"}],"about":[{"href":"https:\/\/dmd2.com\/it\/wp-json\/wp\/v2\/types\/page"}],"author":[{"embeddable":true,"href":"https:\/\/dmd2.com\/it\/wp-json\/wp\/v2\/users\/6"}],"replies":[{"embeddable":true,"href":"https:\/\/dmd2.com\/it\/wp-json\/wp\/v2\/comments?post=14501"}],"version-history":[{"count":6,"href":"https:\/\/dmd2.com\/it\/wp-json\/wp\/v2\/pages\/14501\/revisions"}],"predecessor-version":[{"id":14545,"href":"https:\/\/dmd2.com\/it\/wp-json\/wp\/v2\/pages\/14501\/revisions\/14545"}],"wp:attachment":[{"href":"https:\/\/dmd2.com\/it\/wp-json\/wp\/v2\/media?parent=14501"}],"curies":[{"name":"wp","href":"https:\/\/api.w.org\/{rel}","templated":true}]}}