{"id":10768,"date":"2023-06-26T11:09:43","date_gmt":"2023-06-26T09:09:43","guid":{"rendered":"https:\/\/dmd2.com\/contatto\/"},"modified":"2025-11-14T17:24:11","modified_gmt":"2025-11-14T16:24:11","slug":"contatto","status":"publish","type":"page","link":"https:\/\/dmd2.com\/it\/contatto\/","title":{"rendered":"Contatto"},"content":{"rendered":"\t\t<div data-elementor-type=\"wp-page\" data-elementor-id=\"10768\" class=\"elementor elementor-10768 elementor-8623\" data-elementor-post-type=\"page\">\n\t\t\t\t<div class=\"elementor-element elementor-element-bfb4ac8 e-flex e-con-boxed e-con e-parent\" data-id=\"bfb4ac8\" data-element_type=\"container\" data-e-type=\"container\" data-settings=\"{&quot;background_background&quot;:&quot;gradient&quot;}\">\n\t\t\t\t\t<div class=\"e-con-inner\">\n\t\t<div class=\"elementor-element elementor-element-029acb5 e-con-full e-flex e-con e-child\" data-id=\"029acb5\" data-element_type=\"container\" data-e-type=\"container\">\n\t\t<div class=\"elementor-element elementor-element-644e4f2 e-con-full e-flex e-con e-child\" data-id=\"644e4f2\" data-element_type=\"container\" data-e-type=\"container\" data-settings=\"{&quot;background_background&quot;:&quot;classic&quot;}\">\n\t\t\t\t<div class=\"elementor-element elementor-element-2c2be7a elementor-widget__width-inherit elementor-widget elementor-widget-heading\" data-id=\"2c2be7a\" data-element_type=\"widget\" data-e-type=\"widget\" data-widget_type=\"heading.default\">\n\t\t\t\t<div class=\"elementor-widget-container\">\n\t\t\t\t\t<h3 class=\"elementor-heading-title elementor-size-default\">contatto<\/h3>\t\t\t\t<\/div>\n\t\t\t\t<\/div>\n\t\t\t\t<div class=\"elementor-element elementor-element-026533b elementor-widget__width-inherit elementor-widget elementor-widget-heading\" data-id=\"026533b\" data-element_type=\"widget\" data-e-type=\"widget\" data-widget_type=\"heading.default\">\n\t\t\t\t<div class=\"elementor-widget-container\">\n\t\t\t\t\t<h1 class=\"elementor-heading-title elementor-size-default\">Grazie per averci contattato!<\/h1>\t\t\t\t<\/div>\n\t\t\t\t<\/div>\n\t\t\t\t<div class=\"elementor-element elementor-element-d3a8289 elementor-widget elementor-widget-heading\" data-id=\"d3a8289\" data-element_type=\"widget\" data-e-type=\"widget\" data-widget_type=\"heading.default\">\n\t\t\t\t<div class=\"elementor-widget-container\">\n\t\t\t\t\t<h2 class=\"elementor-heading-title elementor-size-default\">Saremo lieti di ricevere le vostre linee.<\/h2>\t\t\t\t<\/div>\n\t\t\t\t<\/div>\n\t\t\t\t<\/div>\n\t\t\t\t<\/div>\n\t\t\t\t<div class=\"elementor-element elementor-element-cb740fb elementor-widget__width-inherit elementor-view-default elementor-widget elementor-widget-icon\" data-id=\"cb740fb\" data-element_type=\"widget\" data-e-type=\"widget\" data-widget_type=\"icon.default\">\n\t\t\t\t<div class=\"elementor-widget-container\">\n\t\t\t\t\t\t\t<div class=\"elementor-icon-wrapper\">\n\t\t\t<a class=\"elementor-icon\" href=\"#nextsection\">\n\t\t\t<svg xmlns=\"http:\/\/www.w3.org\/2000\/svg\" id=\"noun-arrow-down-2013373\" width=\"39.44\" height=\"56.534\" viewBox=\"0 0 39.44 56.534\"><path id=\"Pfad_482\" data-name=\"Pfad 482\" d=\"M221.337,136.2h-9v42.678l-15.125-9.338-.117,10.393,19.74,12.8,19.7-12.762-.078-10.432-15.138,9.3Z\" transform=\"translate(-197.1 -136.2)\" fill=\"#867264\"><\/path><\/svg>\t\t\t<\/a>\n\t\t<\/div>\n\t\t\t\t\t\t<\/div>\n\t\t\t\t<\/div>\n\t\t\t\t\t<\/div>\n\t\t\t\t<\/div>\n\t\t<div class=\"elementor-element elementor-element-a679c10 e-flex e-con-boxed e-con e-parent\" data-id=\"a679c10\" data-element_type=\"container\" data-e-type=\"container\" id=\"nextsection\" data-settings=\"{&quot;background_background&quot;:&quot;classic&quot;}\">\n\t\t\t\t\t<div class=\"e-con-inner\">\n\t\t\t\t<div class=\"elementor-element elementor-element-fd43779 elementor-widget__width-inherit elementor-widget elementor-widget-heading\" data-id=\"fd43779\" data-element_type=\"widget\" data-e-type=\"widget\" data-widget_type=\"heading.default\">\n\t\t\t\t<div class=\"elementor-widget-container\">\n\t\t\t\t\t<h1 class=\"elementor-heading-title elementor-size-default\">Modulo di contatto<\/h1>\t\t\t\t<\/div>\n\t\t\t\t<\/div>\n\t\t<div class=\"elementor-element elementor-element-2c06ce6 e-flex e-con-boxed e-con e-child\" data-id=\"2c06ce6\" data-element_type=\"container\" data-e-type=\"container\">\n\t\t\t\t\t<div class=\"e-con-inner\">\n\t\t\t\t<div class=\"elementor-element elementor-element-9f5e948 elementor-widget__width-inherit elementor-widget elementor-widget-heading\" data-id=\"9f5e948\" data-element_type=\"widget\" data-e-type=\"widget\" data-widget_type=\"heading.default\">\n\t\t\t\t<div class=\"elementor-widget-container\">\n\t\t\t\t\t<h4 class=\"elementor-heading-title elementor-size-default\">I dati personali che ci inviate saranno conservati ed elaborati da noi esclusivamente per l'espletamento di questo modulo. Troverete un link alla nostra informativa sulla privacy pi\u00f9 avanti in questa pagina.<\/h4>\t\t\t\t<\/div>\n\t\t\t\t<\/div>\n\t\t\t\t<div class=\"elementor-element elementor-element-fe97ed5 elementor-widget elementor-widget-html\" data-id=\"fe97ed5\" data-element_type=\"widget\" data-e-type=\"widget\" data-widget_type=\"html.default\">\n\t\t\t\t<div class=\"elementor-widget-container\">\n\t\t\t\t\t\n    <iframe\n      id=\"JotFormIFrame-210484557913359\"\n      title=\"DMD2>EN>Generic Form\"\n      onload=\"window.parent.scrollTo(0,0)\"\n      allowtransparency=\"true\"\n      allowfullscreen=\"true\"\n      allow=\"geolocation; microphone; camera\"\n      src=\"https:\/\/form.jotform.com\/210484557913359\"\n      frameborder=\"0\"\n      style=\"min-width:100%;max-width:100%;height:2203px;border:none;\"\n      scrolling=\"no\"\n    >\n    <\/iframe>\n    <script type=\"text\/javascript\">\n    var ifr = document.getElementById(\"JotFormIFrame-210484557913359\");\n    if (ifr) {\n      var src = ifr.src;\n      var iframeParams = [];\n      if (window.location.href && window.location.href.indexOf(\"?\") > -1) {\n        iframeParams = iframeParams.concat(window.location.href.substr(window.location.href.indexOf(\"?\") + 1).split('&'));\n      }\n      if (src && src.indexOf(\"?\") > -1) {\n        iframeParams = iframeParams.concat(src.substr(src.indexOf(\"?\") + 1).split(\"&\"));\n        src = src.substr(0, src.indexOf(\"?\"))\n      }\n      iframeParams.push(\"isIframeEmbed=1\");\n      ifr.src = src + \"?\" + iframeParams.join('&');\n    }\n    window.handleIFrameMessage = function(e) {\n      if (typeof e.data === 'object') { return; }\n      var args = e.data.split(\":\");\n      if (args.length > 2) { iframe = document.getElementById(\"JotFormIFrame-\" + args[(args.length - 1)]); } else { iframe = document.getElementById(\"JotFormIFrame\"); }\n      if (!iframe) { return; }\n      switch (args[0]) {\n        case \"scrollIntoView\":\n          iframe.scrollIntoView();\n          break;\n        case \"setHeight\":\n          iframe.style.height = args[1] + \"px\";\n          if (!isNaN(args[1]) && parseInt(iframe.style.minHeight) > parseInt(args[1])) {\n            iframe.style.minHeight = args[1] + \"px\";\n          }\n          break;\n        case \"collapseErrorPage\":\n          if (iframe.clientHeight > window.innerHeight) {\n            iframe.style.height = window.innerHeight + \"px\";\n          }\n          break;\n        case \"reloadPage\":\n          window.location.reload();\n          break;\n        case \"loadScript\":\n          if( !window.isPermitted(e.origin, ['jotform.com', 'jotform.pro']) ) { break; }\n          var src = args[1];\n          if (args.length > 3) {\n              src = args[1] + ':' + args[2];\n          }\n          var script = document.createElement('script');\n          script.src = src;\n          script.type = 'text\/javascript';\n          document.body.appendChild(script);\n          break;\n        case \"exitFullscreen\":\n          if      (window.document.exitFullscreen)        window.document.exitFullscreen();\n          else if (window.document.mozCancelFullScreen)   window.document.mozCancelFullScreen();\n          else if (window.document.mozCancelFullscreen)   window.document.mozCancelFullScreen();\n          else if (window.document.webkitExitFullscreen)  window.document.webkitExitFullscreen();\n          else if (window.document.msExitFullscreen)      window.document.msExitFullscreen();\n          break;\n      }\n      var isJotForm = (e.origin.indexOf(\"jotform\") > -1) ? true : false;\n      if(isJotForm && \"contentWindow\" in iframe && \"postMessage\" in iframe.contentWindow) {\n        var urls = {\"docurl\":encodeURIComponent(document.URL),\"referrer\":encodeURIComponent(document.referrer)};\n        iframe.contentWindow.postMessage(JSON.stringify({\"type\":\"urls\",\"value\":urls}), \"*\");\n      }\n    };\n    window.isPermitted = function(originUrl, whitelisted_domains) {\n      var url = document.createElement('a');\n      url.href = originUrl;\n      var hostname = url.hostname;\n      var result = false;\n      if( typeof hostname !== 'undefined' ) {\n        whitelisted_domains.forEach(function(element) {\n            if( hostname.slice((-1 * element.length - 1)) === '.'.concat(element) ||  hostname === element ) {\n                result = true;\n            }\n        });\n        return result;\n      }\n    };\n    if (window.addEventListener) {\n      window.addEventListener(\"message\", handleIFrameMessage, false);\n    } else if (window.attachEvent) {\n      window.attachEvent(\"onmessage\", handleIFrameMessage);\n    }\n    <\/script>\t\t\t\t<\/div>\n\t\t\t\t<\/div>\n\t\t\t\t\t<\/div>\n\t\t\t\t<\/div>\n\t\t\t\t\t<\/div>\n\t\t\t\t<\/div>\n\t\t<div class=\"elementor-element elementor-element-5f9a297 e-flex e-con-boxed e-con e-parent\" data-id=\"5f9a297\" data-element_type=\"container\" data-e-type=\"container\">\n\t\t\t\t\t<div class=\"e-con-inner\">\n\t\t\t\t<div class=\"elementor-element elementor-element-14ac645 elementor-widget-divider--view-line elementor-widget elementor-widget-divider\" data-id=\"14ac645\" data-element_type=\"widget\" data-e-type=\"widget\" data-widget_type=\"divider.default\">\n\t\t\t\t<div class=\"elementor-widget-container\">\n\t\t\t\t\t\t\t<div class=\"elementor-divider\">\n\t\t\t<span class=\"elementor-divider-separator\">\n\t\t\t\t\t\t<\/span>\n\t\t<\/div>\n\t\t\t\t\t\t<\/div>\n\t\t\t\t<\/div>\n\t\t\t\t\t<\/div>\n\t\t\t\t<\/div>\n\t\t\t\t<\/div>\n\t\t","protected":false},"excerpt":{"rendered":"<p>contatto Grazie per averci contattato! Saremo lieti di ricevere le vostre linee. Modulo di contatto I dati personali che ci inviate saranno conservati ed elaborati da noi esclusivamente per l&#8217;espletamento di questo modulo. Troverete un link alla nostra informativa sulla privacy pi\u00f9 avanti in questa pagina.<\/p>\n","protected":false},"author":6,"featured_media":0,"parent":0,"menu_order":0,"comment_status":"closed","ping_status":"closed","template":"","meta":{"footnotes":""},"class_list":["post-10768","page","type-page","status-publish","hentry"],"yoast_head":"<!-- This site is optimized with the Yoast SEO plugin v27.3 - https:\/\/yoast.com\/product\/yoast-seo-wordpress\/ -->\n<title>Contatto<\/title>\n<meta name=\"description\" content=\"Contattateci. Saremo lieti di ricevere le vostre linee.\" \/>\n<meta name=\"robots\" content=\"index, follow, max-snippet:-1, max-image-preview:large, max-video-preview:-1\" \/>\n<link rel=\"canonical\" href=\"https:\/\/dmd2.com\/it\/contatto\/\" \/>\n<meta property=\"og:locale\" content=\"it_IT\" \/>\n<meta property=\"og:type\" content=\"article\" \/>\n<meta property=\"og:title\" content=\"Contatto\" \/>\n<meta property=\"og:description\" content=\"Contattateci. Saremo lieti di ricevere le vostre linee.\" \/>\n<meta property=\"og:url\" content=\"https:\/\/dmd2.com\/it\/contatto\/\" \/>\n<meta property=\"og:site_name\" content=\"DMD2 \u2013 Hintergrundmusik f\u00fcr Unternehmen\" \/>\n<meta property=\"article:publisher\" content=\"https:\/\/www.facebook.com\/DMD2AG\" \/>\n<meta property=\"article:modified_time\" content=\"2025-11-14T16:24:11+00:00\" \/>\n<meta property=\"og:image\" content=\"https:\/\/dmd2.com\/wp-content\/uploads\/2023\/07\/header-image_home.png\" \/>\n\t<meta property=\"og:image:width\" content=\"1920\" \/>\n\t<meta property=\"og:image:height\" content=\"1080\" \/>\n\t<meta property=\"og:image:type\" content=\"image\/png\" \/>\n<meta name=\"twitter:card\" content=\"summary_large_image\" \/>\n<meta name=\"twitter:site\" content=\"@dmd2\" \/>\n<meta name=\"twitter:label1\" content=\"Tempo di lettura stimato\" \/>\n\t<meta name=\"twitter:data1\" content=\"1 minuto\" \/>\n<script type=\"application\/ld+json\" class=\"yoast-schema-graph\">{\"@context\":\"https:\\\/\\\/schema.org\",\"@graph\":[{\"@type\":\"WebPage\",\"@id\":\"https:\\\/\\\/dmd2.com\\\/it\\\/contatto\\\/\",\"url\":\"https:\\\/\\\/dmd2.com\\\/it\\\/contatto\\\/\",\"name\":\"Contatto\",\"isPartOf\":{\"@id\":\"https:\\\/\\\/dmd2.com\\\/it\\\/#website\"},\"datePublished\":\"2023-06-26T09:09:43+00:00\",\"dateModified\":\"2025-11-14T16:24:11+00:00\",\"description\":\"Contattateci. Saremo lieti di ricevere le vostre linee.\",\"breadcrumb\":{\"@id\":\"https:\\\/\\\/dmd2.com\\\/it\\\/contatto\\\/#breadcrumb\"},\"inLanguage\":\"it-IT\",\"potentialAction\":[{\"@type\":\"ReadAction\",\"target\":[\"https:\\\/\\\/dmd2.com\\\/it\\\/contatto\\\/\"]}]},{\"@type\":\"BreadcrumbList\",\"@id\":\"https:\\\/\\\/dmd2.com\\\/it\\\/contatto\\\/#breadcrumb\",\"itemListElement\":[{\"@type\":\"ListItem\",\"position\":1,\"name\":\"Startseite\",\"item\":\"https:\\\/\\\/dmd2.com\\\/it\\\/start\\\/\"},{\"@type\":\"ListItem\",\"position\":2,\"name\":\"Contatto\"}]},{\"@type\":\"WebSite\",\"@id\":\"https:\\\/\\\/dmd2.com\\\/it\\\/#website\",\"url\":\"https:\\\/\\\/dmd2.com\\\/it\\\/\",\"name\":\"DMD2 - Technology & Emotion, Hintergrundmusik f\u00fcr Unternehmen\",\"description\":\"GEMA-freie und lizenzierte Musikl\u00f6sungen f\u00fcr Ihr Restaurant, Hotel, Studio, Shop, oder Filiale. Instore Audio, Playlists individuell erstellt. Jetzt gratis testen!\",\"publisher\":{\"@id\":\"https:\\\/\\\/dmd2.com\\\/it\\\/#organization\"},\"potentialAction\":[{\"@type\":\"SearchAction\",\"target\":{\"@type\":\"EntryPoint\",\"urlTemplate\":\"https:\\\/\\\/dmd2.com\\\/it\\\/?s={search_term_string}\"},\"query-input\":{\"@type\":\"PropertyValueSpecification\",\"valueRequired\":true,\"valueName\":\"search_term_string\"}}],\"inLanguage\":\"it-IT\"},{\"@type\":\"Organization\",\"@id\":\"https:\\\/\\\/dmd2.com\\\/it\\\/#organization\",\"name\":\"DMD2\",\"url\":\"https:\\\/\\\/dmd2.com\\\/it\\\/\",\"logo\":{\"@type\":\"ImageObject\",\"inLanguage\":\"it-IT\",\"@id\":\"https:\\\/\\\/dmd2.com\\\/it\\\/#\\\/schema\\\/logo\\\/image\\\/\",\"url\":\"https:\\\/\\\/dmd2.com\\\/wp-content\\\/uploads\\\/2023\\\/05\\\/logo_technology-emotion.png\",\"contentUrl\":\"https:\\\/\\\/dmd2.com\\\/wp-content\\\/uploads\\\/2023\\\/05\\\/logo_technology-emotion.png\",\"width\":874,\"height\":248,\"caption\":\"DMD2\"},\"image\":{\"@id\":\"https:\\\/\\\/dmd2.com\\\/it\\\/#\\\/schema\\\/logo\\\/image\\\/\"},\"sameAs\":[\"https:\\\/\\\/www.facebook.com\\\/DMD2AG\",\"https:\\\/\\\/x.com\\\/dmd2\",\"https:\\\/\\\/www.instagram.com\\\/dmd2__\",\"https:\\\/\\\/www.linkedin.com\\\/company\\\/digitalmediadistribution\\\/\"]}]}<\/script>\n<!-- \/ Yoast SEO plugin. -->","yoast_head_json":{"title":"Contatto","description":"Contattateci. Saremo lieti di ricevere le vostre linee.","robots":{"index":"index","follow":"follow","max-snippet":"max-snippet:-1","max-image-preview":"max-image-preview:large","max-video-preview":"max-video-preview:-1"},"canonical":"https:\/\/dmd2.com\/it\/contatto\/","og_locale":"it_IT","og_type":"article","og_title":"Contatto","og_description":"Contattateci. Saremo lieti di ricevere le vostre linee.","og_url":"https:\/\/dmd2.com\/it\/contatto\/","og_site_name":"DMD2 \u2013 Hintergrundmusik f\u00fcr Unternehmen","article_publisher":"https:\/\/www.facebook.com\/DMD2AG","article_modified_time":"2025-11-14T16:24:11+00:00","og_image":[{"width":1920,"height":1080,"url":"https:\/\/dmd2.com\/wp-content\/uploads\/2023\/07\/header-image_home.png","type":"image\/png"}],"twitter_card":"summary_large_image","twitter_site":"@dmd2","twitter_misc":{"Tempo di lettura stimato":"1 minuto"},"schema":{"@context":"https:\/\/schema.org","@graph":[{"@type":"WebPage","@id":"https:\/\/dmd2.com\/it\/contatto\/","url":"https:\/\/dmd2.com\/it\/contatto\/","name":"Contatto","isPartOf":{"@id":"https:\/\/dmd2.com\/it\/#website"},"datePublished":"2023-06-26T09:09:43+00:00","dateModified":"2025-11-14T16:24:11+00:00","description":"Contattateci. Saremo lieti di ricevere le vostre linee.","breadcrumb":{"@id":"https:\/\/dmd2.com\/it\/contatto\/#breadcrumb"},"inLanguage":"it-IT","potentialAction":[{"@type":"ReadAction","target":["https:\/\/dmd2.com\/it\/contatto\/"]}]},{"@type":"BreadcrumbList","@id":"https:\/\/dmd2.com\/it\/contatto\/#breadcrumb","itemListElement":[{"@type":"ListItem","position":1,"name":"Startseite","item":"https:\/\/dmd2.com\/it\/start\/"},{"@type":"ListItem","position":2,"name":"Contatto"}]},{"@type":"WebSite","@id":"https:\/\/dmd2.com\/it\/#website","url":"https:\/\/dmd2.com\/it\/","name":"DMD2 - Technology & Emotion, Hintergrundmusik f\u00fcr Unternehmen","description":"GEMA-freie und lizenzierte Musikl\u00f6sungen f\u00fcr Ihr Restaurant, Hotel, Studio, Shop, oder Filiale. Instore Audio, Playlists individuell erstellt. Jetzt gratis testen!","publisher":{"@id":"https:\/\/dmd2.com\/it\/#organization"},"potentialAction":[{"@type":"SearchAction","target":{"@type":"EntryPoint","urlTemplate":"https:\/\/dmd2.com\/it\/?s={search_term_string}"},"query-input":{"@type":"PropertyValueSpecification","valueRequired":true,"valueName":"search_term_string"}}],"inLanguage":"it-IT"},{"@type":"Organization","@id":"https:\/\/dmd2.com\/it\/#organization","name":"DMD2","url":"https:\/\/dmd2.com\/it\/","logo":{"@type":"ImageObject","inLanguage":"it-IT","@id":"https:\/\/dmd2.com\/it\/#\/schema\/logo\/image\/","url":"https:\/\/dmd2.com\/wp-content\/uploads\/2023\/05\/logo_technology-emotion.png","contentUrl":"https:\/\/dmd2.com\/wp-content\/uploads\/2023\/05\/logo_technology-emotion.png","width":874,"height":248,"caption":"DMD2"},"image":{"@id":"https:\/\/dmd2.com\/it\/#\/schema\/logo\/image\/"},"sameAs":["https:\/\/www.facebook.com\/DMD2AG","https:\/\/x.com\/dmd2","https:\/\/www.instagram.com\/dmd2__","https:\/\/www.linkedin.com\/company\/digitalmediadistribution\/"]}]}},"_links":{"self":[{"href":"https:\/\/dmd2.com\/it\/wp-json\/wp\/v2\/pages\/10768","targetHints":{"allow":["GET"]}}],"collection":[{"href":"https:\/\/dmd2.com\/it\/wp-json\/wp\/v2\/pages"}],"about":[{"href":"https:\/\/dmd2.com\/it\/wp-json\/wp\/v2\/types\/page"}],"author":[{"embeddable":true,"href":"https:\/\/dmd2.com\/it\/wp-json\/wp\/v2\/users\/6"}],"replies":[{"embeddable":true,"href":"https:\/\/dmd2.com\/it\/wp-json\/wp\/v2\/comments?post=10768"}],"version-history":[{"count":4,"href":"https:\/\/dmd2.com\/it\/wp-json\/wp\/v2\/pages\/10768\/revisions"}],"predecessor-version":[{"id":20959,"href":"https:\/\/dmd2.com\/it\/wp-json\/wp\/v2\/pages\/10768\/revisions\/20959"}],"wp:attachment":[{"href":"https:\/\/dmd2.com\/it\/wp-json\/wp\/v2\/media?parent=10768"}],"curies":[{"name":"wp","href":"https:\/\/api.w.org\/{rel}","templated":true}]}}