{"id":12053,"date":"2023-06-19T21:04:15","date_gmt":"2023-06-19T19:04:15","guid":{"rendered":"https:\/\/dmd2.com\/contacto-artista\/"},"modified":"2023-11-07T13:51:07","modified_gmt":"2023-11-07T12:51:07","slug":"contacto-artista","status":"publish","type":"page","link":"https:\/\/dmd2.com\/es\/contacto-artista\/","title":{"rendered":"Contacto artista"},"content":{"rendered":"\t\t<div data-elementor-type=\"wp-page\" data-elementor-id=\"12053\" class=\"elementor elementor-12053 elementor-6668\" data-elementor-post-type=\"page\">\n\t\t\t\t<div class=\"elementor-element elementor-element-bfb4ac8 e-flex e-con-boxed e-con e-parent\" data-id=\"bfb4ac8\" data-element_type=\"container\" data-e-type=\"container\" data-settings=\"{&quot;background_background&quot;:&quot;classic&quot;}\">\n\t\t\t\t\t<div class=\"e-con-inner\">\n\t\t<div class=\"elementor-element elementor-element-029acb5 e-con-full e-flex e-con e-parent\" data-id=\"029acb5\" data-element_type=\"container\" data-e-type=\"container\">\n\t\t<div class=\"elementor-element elementor-element-644e4f2 e-con-full e-flex e-con e-parent\" data-id=\"644e4f2\" data-element_type=\"container\" data-e-type=\"container\" data-settings=\"{&quot;background_background&quot;:&quot;classic&quot;}\">\n\t\t\t\t<div class=\"elementor-element elementor-element-2c2be7a elementor-widget__width-inherit elementor-widget elementor-widget-heading\" data-id=\"2c2be7a\" data-element_type=\"widget\" data-e-type=\"widget\" data-widget_type=\"heading.default\">\n\t\t\t\t<div class=\"elementor-widget-container\">\n\t\t\t\t\t<h3 class=\"elementor-heading-title elementor-size-default\">Contacto artista<\/h3>\t\t\t\t<\/div>\n\t\t\t\t<\/div>\n\t\t\t\t<div class=\"elementor-element elementor-element-026533b elementor-widget__width-inherit elementor-widget elementor-widget-heading\" data-id=\"026533b\" data-element_type=\"widget\" data-e-type=\"widget\" data-widget_type=\"heading.default\">\n\t\t\t\t<div class=\"elementor-widget-container\">\n\t\t\t\t\t<h1 class=\"elementor-heading-title elementor-size-default\">DMD2 escucha<\/h1>\t\t\t\t<\/div>\n\t\t\t\t<\/div>\n\t\t\t\t<div class=\"elementor-element elementor-element-d3a8289 elementor-widget elementor-widget-heading\" data-id=\"d3a8289\" data-element_type=\"widget\" data-e-type=\"widget\" data-widget_type=\"heading.default\">\n\t\t\t\t<div class=\"elementor-widget-container\">\n\t\t\t\t\t<h2 class=\"elementor-heading-title elementor-size-default\">\u00bfSin contrato discogr\u00e1fico? \u00bfSu m\u00fasica no suena en las radios convencionales? DMD2 gestiona m\u00e1s de 100 canales de m\u00fasica de estilos muy diversos, desde heavy metal y m\u00fasica cl\u00e1sica hasta m\u00fasica folcl\u00f3rica suiza.\n\n<\/h2>\t\t\t\t<\/div>\n\t\t\t\t<\/div>\n\t\t\t\t<\/div>\n\t\t\t\t<div class=\"elementor-element elementor-element-ce113c7 elementor-widget__width-initial elementor-widget elementor-widget-image\" data-id=\"ce113c7\" data-element_type=\"widget\" data-e-type=\"widget\" data-widget_type=\"image.default\">\n\t\t\t\t<div class=\"elementor-widget-container\">\n\t\t\t\t\t\t\t\t\t\t\t\t\t\t\t<img fetchpriority=\"high\" decoding=\"async\" width=\"800\" height=\"227\" src=\"https:\/\/dmd2.com\/wp-content\/uploads\/2023\/05\/logo_technology-emotion.png\" class=\"attachment-large size-large wp-image-42\" alt=\"Bild: Logo DMD2 \u2013 technology &amp; emotion\" srcset=\"https:\/\/dmd2.com\/wp-content\/uploads\/2023\/05\/logo_technology-emotion.png 874w, https:\/\/dmd2.com\/wp-content\/uploads\/2023\/05\/logo_technology-emotion-300x85.png 300w, https:\/\/dmd2.com\/wp-content\/uploads\/2023\/05\/logo_technology-emotion-768x218.png 768w\" sizes=\"(max-width: 800px) 100vw, 800px\" \/>\t\t\t\t\t\t\t\t\t\t\t\t\t\t\t<\/div>\n\t\t\t\t<\/div>\n\t\t\t\t<\/div>\n\t\t\t\t<div class=\"elementor-element elementor-element-cb740fb elementor-widget__width-inherit elementor-view-default elementor-widget elementor-widget-icon\" data-id=\"cb740fb\" data-element_type=\"widget\" data-e-type=\"widget\" data-widget_type=\"icon.default\">\n\t\t\t\t<div class=\"elementor-widget-container\">\n\t\t\t\t\t\t\t<div class=\"elementor-icon-wrapper\">\n\t\t\t<a class=\"elementor-icon\" href=\"#nextsection\">\n\t\t\t<svg xmlns=\"http:\/\/www.w3.org\/2000\/svg\" id=\"noun-arrow-down-2013373\" width=\"39.44\" height=\"56.534\" viewBox=\"0 0 39.44 56.534\"><path id=\"Pfad_482\" data-name=\"Pfad 482\" d=\"M221.337,136.2h-9v42.678l-15.125-9.338-.117,10.393,19.74,12.8,19.7-12.762-.078-10.432-15.138,9.3Z\" transform=\"translate(-197.1 -136.2)\" fill=\"#867264\"><\/path><\/svg>\t\t\t<\/a>\n\t\t<\/div>\n\t\t\t\t\t\t<\/div>\n\t\t\t\t<\/div>\n\t\t\t\t\t<\/div>\n\t\t\t\t<\/div>\n\t\t<div class=\"elementor-element elementor-element-a679c10 e-flex e-con-boxed e-con e-parent\" data-id=\"a679c10\" data-element_type=\"container\" data-e-type=\"container\" id=\"nextsection\" data-settings=\"{&quot;background_background&quot;:&quot;classic&quot;}\">\n\t\t\t\t\t<div class=\"e-con-inner\">\n\t\t\t\t<div class=\"elementor-element elementor-element-23737e5 elementor-widget__width-inherit elementor-widget elementor-widget-heading\" data-id=\"23737e5\" data-element_type=\"widget\" data-e-type=\"widget\" data-widget_type=\"heading.default\">\n\t\t\t\t<div class=\"elementor-widget-container\">\n\t\t\t\t\t<h3 class=\"elementor-heading-title elementor-size-default\">Contacto artista\n<\/h3>\t\t\t\t<\/div>\n\t\t\t\t<\/div>\n\t\t\t\t<div class=\"elementor-element elementor-element-fd43779 elementor-widget__width-inherit elementor-widget elementor-widget-heading\" data-id=\"fd43779\" data-element_type=\"widget\" data-e-type=\"widget\" data-widget_type=\"heading.default\">\n\t\t\t\t<div class=\"elementor-widget-container\">\n\t\t\t\t\t<h1 class=\"elementor-heading-title elementor-size-default\">Formulario de contacto<\/h1>\t\t\t\t<\/div>\n\t\t\t\t<\/div>\n\t\t\t\t<div class=\"elementor-element elementor-element-9f5e948 elementor-widget__width-inherit elementor-widget elementor-widget-heading\" data-id=\"9f5e948\" data-element_type=\"widget\" data-e-type=\"widget\" data-widget_type=\"heading.default\">\n\t\t\t\t<div class=\"elementor-widget-container\">\n\t\t\t\t\t<h4 class=\"elementor-heading-title elementor-size-default\">Damos a los artistas la oportunidad de sonar en nuestras emisoras. \u00bfLe interesa?\n\nRellene el siguiente formulario.<\/h4>\t\t\t\t<\/div>\n\t\t\t\t<\/div>\n\t\t<div class=\"elementor-element elementor-element-cde365a e-flex e-con-boxed e-con e-parent\" data-id=\"cde365a\" data-element_type=\"container\" data-e-type=\"container\">\n\t\t\t\t\t<div class=\"e-con-inner\">\n\t\t\t\t<div class=\"elementor-element elementor-element-46117c3 elementor-widget__width-inherit elementor-widget elementor-widget-heading\" data-id=\"46117c3\" data-element_type=\"widget\" data-e-type=\"widget\" data-widget_type=\"heading.default\">\n\t\t\t\t<div class=\"elementor-widget-container\">\n\t\t\t\t\t<h4 class=\"elementor-heading-title elementor-size-default\">Los datos personales que nos facilite ser\u00e1n almacenados y tratados por nosotros exclusivamente con el fin de cumplimentar este formulario. Encontrar\u00e1 un enlace a nuestra pol\u00edtica de privacidad m\u00e1s abajo en esta p\u00e1gina.<\/h4>\t\t\t\t<\/div>\n\t\t\t\t<\/div>\n\t\t\t\t<div class=\"elementor-element elementor-element-2bf1282 elementor-widget elementor-widget-html\" data-id=\"2bf1282\" data-element_type=\"widget\" data-e-type=\"widget\" data-widget_type=\"html.default\">\n\t\t\t\t<div class=\"elementor-widget-container\">\n\t\t\t\t\t<script type=\"text\/javascript\" src=\"https:\/\/form.jotform.com\/jsform\/81346981608364\"><\/script>\t\t\t\t<\/div>\n\t\t\t\t<\/div>\n\t\t\t\t\t<\/div>\n\t\t\t\t<\/div>\n\t\t\t\t\t<\/div>\n\t\t\t\t<\/div>\n\t\t<div class=\"elementor-element elementor-element-5f9a297 e-flex e-con-boxed e-con e-parent\" data-id=\"5f9a297\" data-element_type=\"container\" data-e-type=\"container\">\n\t\t\t\t\t<div class=\"e-con-inner\">\n\t\t\t\t<div class=\"elementor-element elementor-element-14ac645 elementor-widget-divider--view-line elementor-widget elementor-widget-divider\" data-id=\"14ac645\" data-element_type=\"widget\" data-e-type=\"widget\" data-widget_type=\"divider.default\">\n\t\t\t\t<div class=\"elementor-widget-container\">\n\t\t\t\t\t\t\t<div class=\"elementor-divider\">\n\t\t\t<span class=\"elementor-divider-separator\">\n\t\t\t\t\t\t<\/span>\n\t\t<\/div>\n\t\t\t\t\t\t<\/div>\n\t\t\t\t<\/div>\n\t\t\t\t\t<\/div>\n\t\t\t\t<\/div>\n\t\t\t\t<\/div>\n\t\t","protected":false},"excerpt":{"rendered":"<p>Contacto artista DMD2 escucha \u00bfSin contrato discogr\u00e1fico? \u00bfSu m\u00fasica no suena en las radios convencionales? DMD2 gestiona m\u00e1s de 100 canales de m\u00fasica de estilos muy diversos, desde heavy metal y m\u00fasica cl\u00e1sica hasta m\u00fasica folcl\u00f3rica suiza. Contacto artista Formulario de contacto Damos a los artistas la oportunidad de sonar en nuestras emisoras. \u00bfLe interesa? [&hellip;]<\/p>\n","protected":false},"author":6,"featured_media":0,"parent":0,"menu_order":0,"comment_status":"closed","ping_status":"closed","template":"","meta":{"footnotes":""},"class_list":["post-12053","page","type-page","status-publish","hentry"],"yoast_head":"<!-- This site is optimized with the Yoast SEO plugin v27.3 - https:\/\/yoast.com\/product\/yoast-seo-wordpress\/ -->\n<title>Contacto artista<\/title>\n<meta name=\"description\" content=\"\u00bfSin contrato discogr\u00e1fico? \u00bfSu m\u00fasica no suena en las radios convencionales? DMD2 gestiona m\u00e1s de 100 canales de m\u00fasica.\" \/>\n<meta name=\"robots\" content=\"index, follow, max-snippet:-1, max-image-preview:large, max-video-preview:-1\" \/>\n<link rel=\"canonical\" href=\"https:\/\/dmd2.com\/es\/contacto-artista\/\" \/>\n<meta property=\"og:locale\" content=\"es_ES\" \/>\n<meta property=\"og:type\" content=\"article\" \/>\n<meta property=\"og:title\" content=\"Contacto artista\" \/>\n<meta property=\"og:description\" content=\"\u00bfSin contrato discogr\u00e1fico? \u00bfSu m\u00fasica no suena en las radios convencionales? DMD2 gestiona m\u00e1s de 100 canales de m\u00fasica.\" \/>\n<meta property=\"og:url\" content=\"https:\/\/dmd2.com\/es\/contacto-artista\/\" \/>\n<meta property=\"og:site_name\" content=\"DMD2 \u2013 Hintergrundmusik f\u00fcr Unternehmen\" \/>\n<meta property=\"article:publisher\" content=\"https:\/\/www.facebook.com\/DMD2AG\" \/>\n<meta property=\"article:modified_time\" content=\"2023-11-07T12:51:07+00:00\" \/>\n<meta property=\"og:image\" content=\"https:\/\/dmd2.com\/wp-content\/uploads\/2023\/05\/logo_technology-emotion.png\" \/>\n<meta name=\"twitter:card\" content=\"summary_large_image\" \/>\n<meta name=\"twitter:site\" content=\"@dmd2\" \/>\n<meta name=\"twitter:label1\" content=\"Tiempo de lectura\" \/>\n\t<meta name=\"twitter:data1\" content=\"1 minuto\" \/>\n<script type=\"application\/ld+json\" class=\"yoast-schema-graph\">{\"@context\":\"https:\\\/\\\/schema.org\",\"@graph\":[{\"@type\":\"WebPage\",\"@id\":\"https:\\\/\\\/dmd2.com\\\/es\\\/contacto-artista\\\/\",\"url\":\"https:\\\/\\\/dmd2.com\\\/es\\\/contacto-artista\\\/\",\"name\":\"Contacto artista\",\"isPartOf\":{\"@id\":\"https:\\\/\\\/dmd2.com\\\/es\\\/#website\"},\"primaryImageOfPage\":{\"@id\":\"https:\\\/\\\/dmd2.com\\\/es\\\/contacto-artista\\\/#primaryimage\"},\"image\":{\"@id\":\"https:\\\/\\\/dmd2.com\\\/es\\\/contacto-artista\\\/#primaryimage\"},\"thumbnailUrl\":\"https:\\\/\\\/dmd2.com\\\/wp-content\\\/uploads\\\/2023\\\/05\\\/logo_technology-emotion.png\",\"datePublished\":\"2023-06-19T19:04:15+00:00\",\"dateModified\":\"2023-11-07T12:51:07+00:00\",\"description\":\"\u00bfSin contrato discogr\u00e1fico? \u00bfSu m\u00fasica no suena en las radios convencionales? DMD2 gestiona m\u00e1s de 100 canales de m\u00fasica.\",\"breadcrumb\":{\"@id\":\"https:\\\/\\\/dmd2.com\\\/es\\\/contacto-artista\\\/#breadcrumb\"},\"inLanguage\":\"es\",\"potentialAction\":[{\"@type\":\"ReadAction\",\"target\":[\"https:\\\/\\\/dmd2.com\\\/es\\\/contacto-artista\\\/\"]}]},{\"@type\":\"ImageObject\",\"inLanguage\":\"es\",\"@id\":\"https:\\\/\\\/dmd2.com\\\/es\\\/contacto-artista\\\/#primaryimage\",\"url\":\"https:\\\/\\\/dmd2.com\\\/wp-content\\\/uploads\\\/2023\\\/05\\\/logo_technology-emotion.png\",\"contentUrl\":\"https:\\\/\\\/dmd2.com\\\/wp-content\\\/uploads\\\/2023\\\/05\\\/logo_technology-emotion.png\"},{\"@type\":\"BreadcrumbList\",\"@id\":\"https:\\\/\\\/dmd2.com\\\/es\\\/contacto-artista\\\/#breadcrumb\",\"itemListElement\":[{\"@type\":\"ListItem\",\"position\":1,\"name\":\"Startseite\",\"item\":\"https:\\\/\\\/dmd2.com\\\/es\\\/start\\\/\"},{\"@type\":\"ListItem\",\"position\":2,\"name\":\"Contacto artista\"}]},{\"@type\":\"WebSite\",\"@id\":\"https:\\\/\\\/dmd2.com\\\/es\\\/#website\",\"url\":\"https:\\\/\\\/dmd2.com\\\/es\\\/\",\"name\":\"DMD2 - Technology & Emotion, Hintergrundmusik f\u00fcr Unternehmen\",\"description\":\"GEMA-freie und lizenzierte Musikl\u00f6sungen f\u00fcr Ihr Restaurant, Hotel, Studio, Shop, oder Filiale. Instore Audio, Playlists individuell erstellt. Jetzt gratis testen!\",\"potentialAction\":[{\"@type\":\"SearchAction\",\"target\":{\"@type\":\"EntryPoint\",\"urlTemplate\":\"https:\\\/\\\/dmd2.com\\\/es\\\/?s={search_term_string}\"},\"query-input\":{\"@type\":\"PropertyValueSpecification\",\"valueRequired\":true,\"valueName\":\"search_term_string\"}}],\"inLanguage\":\"es\"}]}<\/script>\n<!-- \/ Yoast SEO plugin. -->","yoast_head_json":{"title":"Contacto artista","description":"\u00bfSin contrato discogr\u00e1fico? \u00bfSu m\u00fasica no suena en las radios convencionales? DMD2 gestiona m\u00e1s de 100 canales de m\u00fasica.","robots":{"index":"index","follow":"follow","max-snippet":"max-snippet:-1","max-image-preview":"max-image-preview:large","max-video-preview":"max-video-preview:-1"},"canonical":"https:\/\/dmd2.com\/es\/contacto-artista\/","og_locale":"es_ES","og_type":"article","og_title":"Contacto artista","og_description":"\u00bfSin contrato discogr\u00e1fico? \u00bfSu m\u00fasica no suena en las radios convencionales? DMD2 gestiona m\u00e1s de 100 canales de m\u00fasica.","og_url":"https:\/\/dmd2.com\/es\/contacto-artista\/","og_site_name":"DMD2 \u2013 Hintergrundmusik f\u00fcr Unternehmen","article_publisher":"https:\/\/www.facebook.com\/DMD2AG","article_modified_time":"2023-11-07T12:51:07+00:00","og_image":[{"url":"https:\/\/dmd2.com\/wp-content\/uploads\/2023\/05\/logo_technology-emotion.png","type":"","width":"","height":""}],"twitter_card":"summary_large_image","twitter_site":"@dmd2","twitter_misc":{"Tiempo de lectura":"1 minuto"},"schema":{"@context":"https:\/\/schema.org","@graph":[{"@type":"WebPage","@id":"https:\/\/dmd2.com\/es\/contacto-artista\/","url":"https:\/\/dmd2.com\/es\/contacto-artista\/","name":"Contacto artista","isPartOf":{"@id":"https:\/\/dmd2.com\/es\/#website"},"primaryImageOfPage":{"@id":"https:\/\/dmd2.com\/es\/contacto-artista\/#primaryimage"},"image":{"@id":"https:\/\/dmd2.com\/es\/contacto-artista\/#primaryimage"},"thumbnailUrl":"https:\/\/dmd2.com\/wp-content\/uploads\/2023\/05\/logo_technology-emotion.png","datePublished":"2023-06-19T19:04:15+00:00","dateModified":"2023-11-07T12:51:07+00:00","description":"\u00bfSin contrato discogr\u00e1fico? \u00bfSu m\u00fasica no suena en las radios convencionales? DMD2 gestiona m\u00e1s de 100 canales de m\u00fasica.","breadcrumb":{"@id":"https:\/\/dmd2.com\/es\/contacto-artista\/#breadcrumb"},"inLanguage":"es","potentialAction":[{"@type":"ReadAction","target":["https:\/\/dmd2.com\/es\/contacto-artista\/"]}]},{"@type":"ImageObject","inLanguage":"es","@id":"https:\/\/dmd2.com\/es\/contacto-artista\/#primaryimage","url":"https:\/\/dmd2.com\/wp-content\/uploads\/2023\/05\/logo_technology-emotion.png","contentUrl":"https:\/\/dmd2.com\/wp-content\/uploads\/2023\/05\/logo_technology-emotion.png"},{"@type":"BreadcrumbList","@id":"https:\/\/dmd2.com\/es\/contacto-artista\/#breadcrumb","itemListElement":[{"@type":"ListItem","position":1,"name":"Startseite","item":"https:\/\/dmd2.com\/es\/start\/"},{"@type":"ListItem","position":2,"name":"Contacto artista"}]},{"@type":"WebSite","@id":"https:\/\/dmd2.com\/es\/#website","url":"https:\/\/dmd2.com\/es\/","name":"DMD2 - Technology & Emotion, Hintergrundmusik f\u00fcr Unternehmen","description":"GEMA-freie und lizenzierte Musikl\u00f6sungen f\u00fcr Ihr Restaurant, Hotel, Studio, Shop, oder Filiale. Instore Audio, Playlists individuell erstellt. Jetzt gratis testen!","potentialAction":[{"@type":"SearchAction","target":{"@type":"EntryPoint","urlTemplate":"https:\/\/dmd2.com\/es\/?s={search_term_string}"},"query-input":{"@type":"PropertyValueSpecification","valueRequired":true,"valueName":"search_term_string"}}],"inLanguage":"es"}]}},"_links":{"self":[{"href":"https:\/\/dmd2.com\/es\/wp-json\/wp\/v2\/pages\/12053","targetHints":{"allow":["GET"]}}],"collection":[{"href":"https:\/\/dmd2.com\/es\/wp-json\/wp\/v2\/pages"}],"about":[{"href":"https:\/\/dmd2.com\/es\/wp-json\/wp\/v2\/types\/page"}],"author":[{"embeddable":true,"href":"https:\/\/dmd2.com\/es\/wp-json\/wp\/v2\/users\/6"}],"replies":[{"embeddable":true,"href":"https:\/\/dmd2.com\/es\/wp-json\/wp\/v2\/comments?post=12053"}],"version-history":[{"count":1,"href":"https:\/\/dmd2.com\/es\/wp-json\/wp\/v2\/pages\/12053\/revisions"}],"predecessor-version":[{"id":12054,"href":"https:\/\/dmd2.com\/es\/wp-json\/wp\/v2\/pages\/12053\/revisions\/12054"}],"wp:attachment":[{"href":"https:\/\/dmd2.com\/es\/wp-json\/wp\/v2\/media?parent=12053"}],"curies":[{"name":"wp","href":"https:\/\/api.w.org\/{rel}","templated":true}]}}