{"id":11942,"date":"2023-06-07T14:21:13","date_gmt":"2023-06-07T12:21:13","guid":{"rendered":"https:\/\/dmd2.com\/prueba-gratuita\/"},"modified":"2025-11-20T15:42:13","modified_gmt":"2025-11-20T14:42:13","slug":"prueba-gratuita","status":"publish","type":"page","link":"https:\/\/dmd2.com\/es\/prueba-gratuita\/","title":{"rendered":"Prueba gratuita"},"content":{"rendered":"\t\t<div data-elementor-type=\"wp-page\" data-elementor-id=\"11942\" class=\"elementor elementor-11942 elementor-688\" data-elementor-post-type=\"page\">\n\t\t\t\t<div class=\"elementor-element elementor-element-a679c10 e-flex e-con-boxed e-con e-parent\" data-id=\"a679c10\" data-element_type=\"container\" data-e-type=\"container\" data-settings=\"{&quot;background_background&quot;:&quot;gradient&quot;}\">\n\t\t\t\t\t<div class=\"e-con-inner\">\n\t\t\t\t<div class=\"elementor-element elementor-element-65daa47 elementor-widget__width-inherit elementor-widget elementor-widget-heading\" data-id=\"65daa47\" data-element_type=\"widget\" data-e-type=\"widget\" data-widget_type=\"heading.default\">\n\t\t\t\t<div class=\"elementor-widget-container\">\n\t\t\t\t\t<h3 class=\"elementor-heading-title elementor-size-default\">Prueba gratuita\n<\/h3>\t\t\t\t<\/div>\n\t\t\t\t<\/div>\n\t\t\t\t<div class=\"elementor-element elementor-element-fd43779 elementor-widget__width-inherit elementor-widget elementor-widget-heading\" data-id=\"fd43779\" data-element_type=\"widget\" data-e-type=\"widget\" data-widget_type=\"heading.default\">\n\t\t\t\t<div class=\"elementor-widget-container\">\n\t\t\t\t\t<h1 class=\"elementor-heading-title elementor-size-default\">Tres pasos para disfrutar de la m\u00fasica<\/h1>\t\t\t\t<\/div>\n\t\t\t\t<\/div>\n\t\t<div class=\"elementor-element elementor-element-2902664 e-con-full e-flex e-con e-child\" data-id=\"2902664\" data-element_type=\"container\" data-e-type=\"container\">\n\t\t\t\t<div class=\"elementor-element elementor-element-85e6c5d elementor-widget elementor-widget-heading\" data-id=\"85e6c5d\" data-element_type=\"widget\" data-e-type=\"widget\" data-widget_type=\"heading.default\">\n\t\t\t\t<div class=\"elementor-widget-container\">\n\t\t\t\t\t<span class=\"elementor-heading-title elementor-size-default\">1.<\/span>\t\t\t\t<\/div>\n\t\t\t\t<\/div>\n\t\t\t\t<div class=\"elementor-element elementor-element-f252289 elementor-widget elementor-widget-heading\" data-id=\"f252289\" data-element_type=\"widget\" data-e-type=\"widget\" data-widget_type=\"heading.default\">\n\t\t\t\t<div class=\"elementor-widget-container\">\n\t\t\t\t\t<h2 class=\"elementor-heading-title elementor-size-default\">Reg\u00edstrate, elige tu suscripci\u00f3n, pru\u00e9bala durante 10 d\u00edas gratuitamente.<\/h2>\t\t\t\t<\/div>\n\t\t\t\t<\/div>\n\t\t\t\t<div class=\"elementor-element elementor-element-184ebdf elementor-widget elementor-widget-text-editor\" data-id=\"184ebdf\" data-element_type=\"widget\" data-e-type=\"widget\" data-widget_type=\"text-editor.default\">\n\t\t\t\t<div class=\"elementor-widget-container\">\n\t\t\t\t\t\t\t\t\t<p>Tienes acceso a todos los canales y listas de reproducci\u00f3n y obtienes una visi\u00f3n general de lo que se ofrece.  <\/p>\t\t\t\t\t\t\t\t<\/div>\n\t\t\t\t<\/div>\n\t\t\t\t<\/div>\n\t\t<div class=\"elementor-element elementor-element-d97bceb e-con-full e-flex e-con e-child\" data-id=\"d97bceb\" data-element_type=\"container\" data-e-type=\"container\">\n\t\t\t\t<div class=\"elementor-element elementor-element-9e3bfbb elementor-widget elementor-widget-heading\" data-id=\"9e3bfbb\" data-element_type=\"widget\" data-e-type=\"widget\" data-widget_type=\"heading.default\">\n\t\t\t\t<div class=\"elementor-widget-container\">\n\t\t\t\t\t<span class=\"elementor-heading-title elementor-size-default\">2.<\/span>\t\t\t\t<\/div>\n\t\t\t\t<\/div>\n\t\t\t\t<div class=\"elementor-element elementor-element-b441ede elementor-widget elementor-widget-heading\" data-id=\"b441ede\" data-element_type=\"widget\" data-e-type=\"widget\" data-widget_type=\"heading.default\">\n\t\t\t\t<div class=\"elementor-widget-container\">\n\t\t\t\t\t<h2 class=\"elementor-heading-title elementor-size-default\">Elige el sonido que m\u00e1s te convenga\n<\/h2>\t\t\t\t<\/div>\n\t\t\t\t<\/div>\n\t\t\t\t<div class=\"elementor-element elementor-element-18389d8 elementor-widget elementor-widget-text-editor\" data-id=\"18389d8\" data-element_type=\"widget\" data-e-type=\"widget\" data-widget_type=\"text-editor.default\">\n\t\t\t\t<div class=\"elementor-widget-container\">\n\t\t\t\t\t\t\t\t\t<p>Cientos de canales de radio y listas de reproducci\u00f3n sin publicidad pueden utilizarse inmediatamente. Puedes importar f\u00e1cilmente tus propias listas de reproducci\u00f3n. <\/p>\t\t\t\t\t\t\t\t<\/div>\n\t\t\t\t<\/div>\n\t\t\t\t<\/div>\n\t\t<div class=\"elementor-element elementor-element-eaf9e75 e-con-full e-flex e-con e-child\" data-id=\"eaf9e75\" data-element_type=\"container\" data-e-type=\"container\">\n\t\t\t\t<div class=\"elementor-element elementor-element-b1923c0 elementor-widget elementor-widget-heading\" data-id=\"b1923c0\" data-element_type=\"widget\" data-e-type=\"widget\" data-widget_type=\"heading.default\">\n\t\t\t\t<div class=\"elementor-widget-container\">\n\t\t\t\t\t<span class=\"elementor-heading-title elementor-size-default\">3.<\/span>\t\t\t\t<\/div>\n\t\t\t\t<\/div>\n\t\t\t\t<div class=\"elementor-element elementor-element-c08fdb3 elementor-widget elementor-widget-heading\" data-id=\"c08fdb3\" data-element_type=\"widget\" data-e-type=\"widget\" data-widget_type=\"heading.default\">\n\t\t\t\t<div class=\"elementor-widget-container\">\n\t\t\t\t\t<h2 class=\"elementor-heading-title elementor-size-default\">Conecta tu sistema de sonido: \u00a1buen sonido en el lugar adecuado!<\/h2>\t\t\t\t<\/div>\n\t\t\t\t<\/div>\n\t\t\t\t<div class=\"elementor-element elementor-element-ca62377 elementor-widget elementor-widget-text-editor\" data-id=\"ca62377\" data-element_type=\"widget\" data-e-type=\"widget\" data-widget_type=\"text-editor.default\">\n\t\t\t\t<div class=\"elementor-widget-container\">\n\t\t\t\t\t\t\t\t\t<p>Conecta el sistema mediante Bluetooth, AirPlay, WLAN o cable, selecciona un canal y disfruta de m\u00fasica sin parar.<\/p>\t\t\t\t\t\t\t\t<\/div>\n\t\t\t\t<\/div>\n\t\t\t\t<\/div>\n\t\t\t\t<div class=\"elementor-element elementor-element-293d99f elementor-align-center elementor-widget__width-inherit elementor-widget elementor-widget-button\" data-id=\"293d99f\" data-element_type=\"widget\" data-e-type=\"widget\" data-widget_type=\"button.default\">\n\t\t\t\t<div class=\"elementor-widget-container\">\n\t\t\t\t\t\t\t\t\t<div class=\"elementor-button-wrapper\">\n\t\t\t\t\t<a class=\"elementor-button elementor-button-link elementor-size-sm\" href=\"https:\/\/dashboard.dmd2.com\/register\" target=\"_blank\" rel=\"nofollow\">\n\t\t\t\t\t\t<span class=\"elementor-button-content-wrapper\">\n\t\t\t\t\t\t\t\t\t<span class=\"elementor-button-text\">Al registro de la prueba<\/span>\n\t\t\t\t\t<\/span>\n\t\t\t\t\t<\/a>\n\t\t\t\t<\/div>\n\t\t\t\t\t\t\t\t<\/div>\n\t\t\t\t<\/div>\n\t\t\t\t\t<\/div>\n\t\t\t\t<\/div>\n\t\t\t\t<\/div>\n\t\t","protected":false},"excerpt":{"rendered":"<p>Prueba gratuita Tres pasos para disfrutar de la m\u00fasica 1. Reg\u00edstrate, elige tu suscripci\u00f3n, pru\u00e9bala durante 10 d\u00edas gratuitamente. Tienes acceso a todos los canales y listas de reproducci\u00f3n y obtienes una visi\u00f3n general de lo que se ofrece. 2. Elige el sonido que m\u00e1s te convenga Cientos de canales de radio y listas de [&hellip;]<\/p>\n","protected":false},"author":3,"featured_media":0,"parent":0,"menu_order":0,"comment_status":"closed","ping_status":"closed","template":"","meta":{"footnotes":""},"class_list":["post-11942","page","type-page","status-publish","hentry"],"yoast_head":"<!-- This site is optimized with the Yoast SEO plugin v27.3 - https:\/\/yoast.com\/product\/yoast-seo-wordpress\/ -->\n<title>M\u00fasica para tu negocio - Prueba gratuita - DMD2 \u2013 Hintergrundmusik f\u00fcr Unternehmen<\/title>\n<meta name=\"description\" content=\"Tres pasos para disfrutar de la m\u00fasica. Tendr\u00e1s acceso a todos los streams y podr\u00e1s ver las listas de reproducci\u00f3n.\" \/>\n<meta name=\"robots\" content=\"index, follow, max-snippet:-1, max-image-preview:large, max-video-preview:-1\" \/>\n<link rel=\"canonical\" href=\"https:\/\/dmd2.com\/es\/prueba-gratuita\/\" \/>\n<meta property=\"og:locale\" content=\"es_ES\" \/>\n<meta property=\"og:type\" content=\"article\" \/>\n<meta property=\"og:title\" content=\"M\u00fasica para tu negocio - Prueba gratuita - DMD2 \u2013 Hintergrundmusik f\u00fcr Unternehmen\" \/>\n<meta property=\"og:description\" content=\"Tres pasos para disfrutar de la m\u00fasica. Tendr\u00e1s acceso a todos los streams y podr\u00e1s ver las listas de reproducci\u00f3n.\" \/>\n<meta property=\"og:url\" content=\"https:\/\/dmd2.com\/es\/prueba-gratuita\/\" \/>\n<meta property=\"og:site_name\" content=\"DMD2 \u2013 Hintergrundmusik f\u00fcr Unternehmen\" \/>\n<meta property=\"article:publisher\" content=\"https:\/\/www.facebook.com\/DMD2AG\" \/>\n<meta property=\"article:modified_time\" content=\"2025-11-20T14:42:13+00:00\" \/>\n<meta property=\"og:image\" content=\"https:\/\/dmd2.com\/wp-content\/uploads\/2023\/07\/header-image_home.png\" \/>\n\t<meta property=\"og:image:width\" content=\"1920\" \/>\n\t<meta property=\"og:image:height\" content=\"1080\" \/>\n\t<meta property=\"og:image:type\" content=\"image\/png\" \/>\n<meta name=\"twitter:card\" content=\"summary_large_image\" \/>\n<meta name=\"twitter:site\" content=\"@dmd2\" \/>\n<meta name=\"twitter:label1\" content=\"Tiempo de lectura\" \/>\n\t<meta name=\"twitter:data1\" content=\"1 minuto\" \/>\n<script type=\"application\/ld+json\" class=\"yoast-schema-graph\">{\"@context\":\"https:\\\/\\\/schema.org\",\"@graph\":[{\"@type\":\"WebPage\",\"@id\":\"https:\\\/\\\/dmd2.com\\\/es\\\/prueba-gratuita\\\/\",\"url\":\"https:\\\/\\\/dmd2.com\\\/es\\\/prueba-gratuita\\\/\",\"name\":\"M\u00fasica para tu negocio - Prueba gratuita - DMD2 \u2013 Hintergrundmusik f\u00fcr Unternehmen\",\"isPartOf\":{\"@id\":\"https:\\\/\\\/dmd2.com\\\/es\\\/#website\"},\"datePublished\":\"2023-06-07T12:21:13+00:00\",\"dateModified\":\"2025-11-20T14:42:13+00:00\",\"description\":\"Tres pasos para disfrutar de la m\u00fasica. Tendr\u00e1s acceso a todos los streams y podr\u00e1s ver las listas de reproducci\u00f3n.\",\"breadcrumb\":{\"@id\":\"https:\\\/\\\/dmd2.com\\\/es\\\/prueba-gratuita\\\/#breadcrumb\"},\"inLanguage\":\"es\",\"potentialAction\":[{\"@type\":\"ReadAction\",\"target\":[\"https:\\\/\\\/dmd2.com\\\/es\\\/prueba-gratuita\\\/\"]}]},{\"@type\":\"BreadcrumbList\",\"@id\":\"https:\\\/\\\/dmd2.com\\\/es\\\/prueba-gratuita\\\/#breadcrumb\",\"itemListElement\":[{\"@type\":\"ListItem\",\"position\":1,\"name\":\"Startseite\",\"item\":\"https:\\\/\\\/dmd2.com\\\/es\\\/start\\\/\"},{\"@type\":\"ListItem\",\"position\":2,\"name\":\"Prueba gratuita\"}]},{\"@type\":\"WebSite\",\"@id\":\"https:\\\/\\\/dmd2.com\\\/es\\\/#website\",\"url\":\"https:\\\/\\\/dmd2.com\\\/es\\\/\",\"name\":\"DMD2 - Technology & Emotion, Hintergrundmusik f\u00fcr Unternehmen\",\"description\":\"GEMA-freie und lizenzierte Musikl\u00f6sungen f\u00fcr Ihr Restaurant, Hotel, Studio, Shop, oder Filiale. Instore Audio, Playlists individuell erstellt. Jetzt gratis testen!\",\"potentialAction\":[{\"@type\":\"SearchAction\",\"target\":{\"@type\":\"EntryPoint\",\"urlTemplate\":\"https:\\\/\\\/dmd2.com\\\/es\\\/?s={search_term_string}\"},\"query-input\":{\"@type\":\"PropertyValueSpecification\",\"valueRequired\":true,\"valueName\":\"search_term_string\"}}],\"inLanguage\":\"es\"}]}<\/script>\n<!-- \/ Yoast SEO plugin. -->","yoast_head_json":{"title":"M\u00fasica para tu negocio - Prueba gratuita - DMD2 \u2013 Hintergrundmusik f\u00fcr Unternehmen","description":"Tres pasos para disfrutar de la m\u00fasica. Tendr\u00e1s acceso a todos los streams y podr\u00e1s ver las listas de reproducci\u00f3n.","robots":{"index":"index","follow":"follow","max-snippet":"max-snippet:-1","max-image-preview":"max-image-preview:large","max-video-preview":"max-video-preview:-1"},"canonical":"https:\/\/dmd2.com\/es\/prueba-gratuita\/","og_locale":"es_ES","og_type":"article","og_title":"M\u00fasica para tu negocio - Prueba gratuita - DMD2 \u2013 Hintergrundmusik f\u00fcr Unternehmen","og_description":"Tres pasos para disfrutar de la m\u00fasica. Tendr\u00e1s acceso a todos los streams y podr\u00e1s ver las listas de reproducci\u00f3n.","og_url":"https:\/\/dmd2.com\/es\/prueba-gratuita\/","og_site_name":"DMD2 \u2013 Hintergrundmusik f\u00fcr Unternehmen","article_publisher":"https:\/\/www.facebook.com\/DMD2AG","article_modified_time":"2025-11-20T14:42:13+00:00","og_image":[{"width":1920,"height":1080,"url":"https:\/\/dmd2.com\/wp-content\/uploads\/2023\/07\/header-image_home.png","type":"image\/png"}],"twitter_card":"summary_large_image","twitter_site":"@dmd2","twitter_misc":{"Tiempo de lectura":"1 minuto"},"schema":{"@context":"https:\/\/schema.org","@graph":[{"@type":"WebPage","@id":"https:\/\/dmd2.com\/es\/prueba-gratuita\/","url":"https:\/\/dmd2.com\/es\/prueba-gratuita\/","name":"M\u00fasica para tu negocio - Prueba gratuita - DMD2 \u2013 Hintergrundmusik f\u00fcr Unternehmen","isPartOf":{"@id":"https:\/\/dmd2.com\/es\/#website"},"datePublished":"2023-06-07T12:21:13+00:00","dateModified":"2025-11-20T14:42:13+00:00","description":"Tres pasos para disfrutar de la m\u00fasica. Tendr\u00e1s acceso a todos los streams y podr\u00e1s ver las listas de reproducci\u00f3n.","breadcrumb":{"@id":"https:\/\/dmd2.com\/es\/prueba-gratuita\/#breadcrumb"},"inLanguage":"es","potentialAction":[{"@type":"ReadAction","target":["https:\/\/dmd2.com\/es\/prueba-gratuita\/"]}]},{"@type":"BreadcrumbList","@id":"https:\/\/dmd2.com\/es\/prueba-gratuita\/#breadcrumb","itemListElement":[{"@type":"ListItem","position":1,"name":"Startseite","item":"https:\/\/dmd2.com\/es\/start\/"},{"@type":"ListItem","position":2,"name":"Prueba gratuita"}]},{"@type":"WebSite","@id":"https:\/\/dmd2.com\/es\/#website","url":"https:\/\/dmd2.com\/es\/","name":"DMD2 - Technology & Emotion, Hintergrundmusik f\u00fcr Unternehmen","description":"GEMA-freie und lizenzierte Musikl\u00f6sungen f\u00fcr Ihr Restaurant, Hotel, Studio, Shop, oder Filiale. Instore Audio, Playlists individuell erstellt. Jetzt gratis testen!","potentialAction":[{"@type":"SearchAction","target":{"@type":"EntryPoint","urlTemplate":"https:\/\/dmd2.com\/es\/?s={search_term_string}"},"query-input":{"@type":"PropertyValueSpecification","valueRequired":true,"valueName":"search_term_string"}}],"inLanguage":"es"}]}},"_links":{"self":[{"href":"https:\/\/dmd2.com\/es\/wp-json\/wp\/v2\/pages\/11942","targetHints":{"allow":["GET"]}}],"collection":[{"href":"https:\/\/dmd2.com\/es\/wp-json\/wp\/v2\/pages"}],"about":[{"href":"https:\/\/dmd2.com\/es\/wp-json\/wp\/v2\/types\/page"}],"author":[{"embeddable":true,"href":"https:\/\/dmd2.com\/es\/wp-json\/wp\/v2\/users\/3"}],"replies":[{"embeddable":true,"href":"https:\/\/dmd2.com\/es\/wp-json\/wp\/v2\/comments?post=11942"}],"version-history":[{"count":14,"href":"https:\/\/dmd2.com\/es\/wp-json\/wp\/v2\/pages\/11942\/revisions"}],"predecessor-version":[{"id":21030,"href":"https:\/\/dmd2.com\/es\/wp-json\/wp\/v2\/pages\/11942\/revisions\/21030"}],"wp:attachment":[{"href":"https:\/\/dmd2.com\/es\/wp-json\/wp\/v2\/media?parent=11942"}],"curies":[{"name":"wp","href":"https:\/\/api.w.org\/{rel}","templated":true}]}}