{"id":9348,"date":"2023-06-30T14:00:16","date_gmt":"2023-06-30T12:00:16","guid":{"rendered":"https:\/\/dmd2.com\/sonos-landingpage\/"},"modified":"2025-01-31T16:17:43","modified_gmt":"2025-01-31T15:17:43","slug":"dmd2-music-on-sonos-systems","status":"publish","type":"page","link":"https:\/\/dmd2.com\/en\/dmd2-music-on-sonos-systems\/","title":{"rendered":"Sonos Landingpage"},"content":{"rendered":"\t\t<div data-elementor-type=\"wp-page\" data-elementor-id=\"9348\" class=\"elementor elementor-9348 elementor-9336\" data-elementor-post-type=\"page\">\n\t\t\t\t<div class=\"elementor-element elementor-element-a679c10 e-flex e-con-boxed e-con e-parent\" data-id=\"a679c10\" data-element_type=\"container\" data-e-type=\"container\" data-settings=\"{&quot;background_background&quot;:&quot;classic&quot;}\">\n\t\t\t\t\t<div class=\"e-con-inner\">\n\t\t<div class=\"elementor-element elementor-element-b3e0b3c e-con-full e-flex e-con e-child\" data-id=\"b3e0b3c\" data-element_type=\"container\" data-e-type=\"container\" data-settings=\"{&quot;background_background&quot;:&quot;classic&quot;}\">\n\t\t\t\t<div class=\"elementor-element elementor-element-2dbc873 elementor-widget elementor-widget-heading\" data-id=\"2dbc873\" data-element_type=\"widget\" data-e-type=\"widget\" data-widget_type=\"heading.default\">\n\t\t\t\t<div class=\"elementor-widget-container\">\n\t\t\t\t\t<h3 class=\"elementor-heading-title elementor-size-default\">hoteladio.fm is now DMD2 Music!<\/h3>\t\t\t\t<\/div>\n\t\t\t\t<\/div>\n\t\t\t\t<div class=\"elementor-element elementor-element-d690d10 elementor-widget__width-inherit elementor-widget elementor-widget-heading\" data-id=\"d690d10\" data-element_type=\"widget\" data-e-type=\"widget\" data-widget_type=\"heading.default\">\n\t\t\t\t<div class=\"elementor-widget-container\">\n\t\t\t\t\t<h1 class=\"elementor-heading-title elementor-size-default\">Welcome Sonos users!<\/h1>\t\t\t\t<\/div>\n\t\t\t\t<\/div>\n\t\t<div class=\"elementor-element elementor-element-4c63876 e-con-full e-flex e-con e-child\" data-id=\"4c63876\" data-element_type=\"container\" data-e-type=\"container\">\n\t\t\t\t<div class=\"elementor-element elementor-element-f7b0204 elementor-widget__width-inherit elementor-widget-mobile__width-inherit elementor-widget elementor-widget-text-editor\" data-id=\"f7b0204\" data-element_type=\"widget\" data-e-type=\"widget\" data-widget_type=\"text-editor.default\">\n\t\t\t\t<div class=\"elementor-widget-container\">\n\t\t\t\t\t\t\t\t\t<p>Discover a whole new music experience for your Sonos installation now! Thanks to a subscription of DMD2 Music &#8211; already from CHF 13.90 per month!<\/p>\n<p>With DMD2 Music, depending on the subscription, you get over 80 premium music channels into your home, highly available, with always new titles and of course without commercial interruption.<\/p>\n<h2>How DMD2 Music works with Sonos<\/h2>\n<p>DMD2 Music (formerly hotelradio.fm) is available on the Sonos system as a music service. Simply select &#8220;DMD2 Music&#8221; in the list of music services in the Sonos Controller. Enter your user name, done! You have all the music packages according to your subscription conveniently available, directly in the Sonos system.<\/p>\n<p>Register now using the link below and enjoy two weeks free of charge and without obligation unadulterated music enjoyment directly through your Sonos installation, in the best 128kbps MP3 stereo quality.<\/p>\n\t\t\t\t\t\t\t\t<\/div>\n\t\t\t\t<\/div>\n\t\t\t\t<div class=\"elementor-element elementor-element-f9468f7 elementor-widget elementor-widget-button\" data-id=\"f9468f7\" data-element_type=\"widget\" data-e-type=\"widget\" data-widget_type=\"button.default\">\n\t\t\t\t<div class=\"elementor-widget-container\">\n\t\t\t\t\t\t\t\t\t<div class=\"elementor-button-wrapper\">\n\t\t\t\t\t<a class=\"elementor-button elementor-button-link elementor-size-sm\" href=\"https:\/\/dashboard.dmd2.com\/\" target=\"_blank\">\n\t\t\t\t\t\t<span class=\"elementor-button-content-wrapper\">\n\t\t\t\t\t\t\t\t\t<span class=\"elementor-button-text\">Register now<\/span>\n\t\t\t\t\t<\/span>\n\t\t\t\t\t<\/a>\n\t\t\t\t<\/div>\n\t\t\t\t\t\t\t\t<\/div>\n\t\t\t\t<\/div>\n\t\t\t\t<div class=\"elementor-element elementor-element-e4d9191 elementor-widget elementor-widget-button\" data-id=\"e4d9191\" data-element_type=\"widget\" data-e-type=\"widget\" data-widget_type=\"button.default\">\n\t\t\t\t<div class=\"elementor-widget-container\">\n\t\t\t\t\t\t\t\t\t<div class=\"elementor-button-wrapper\">\n\t\t\t\t\t<a class=\"elementor-button elementor-button-link elementor-size-sm\" href=\"https:\/\/dmd2.com\/en\/channels\/#preiseundbestellung\">\n\t\t\t\t\t\t<span class=\"elementor-button-content-wrapper\">\n\t\t\t\t\t\t\t\t\t<span class=\"elementor-button-text\">Pricing<\/span>\n\t\t\t\t\t<\/span>\n\t\t\t\t\t<\/a>\n\t\t\t\t<\/div>\n\t\t\t\t\t\t\t\t<\/div>\n\t\t\t\t<\/div>\n\t\t\t\t<\/div>\n\t\t\t\t<div class=\"elementor-element elementor-element-a9c77f8 elementor-widget__width-initial elementor-widget elementor-widget-image\" data-id=\"a9c77f8\" data-element_type=\"widget\" data-e-type=\"widget\" data-widget_type=\"image.default\">\n\t\t\t\t<div class=\"elementor-widget-container\">\n\t\t\t\t\t\t\t\t\t\t\t\t\t\t\t<img decoding=\"async\" src=\"https:\/\/dmd2.com\/wp-content\/uploads\/elementor\/thumbs\/sonos-scaled-q8q2j89ie47mmc7gmlfpa2uduwd5lft35klh74cv5w.webp\" title=\"sonos\" alt=\"sonos\" loading=\"lazy\" \/>\t\t\t\t\t\t\t\t\t\t\t\t\t\t\t<\/div>\n\t\t\t\t<\/div>\n\t\t\t\t<\/div>\n\t\t\t\t\t<\/div>\n\t\t\t\t<\/div>\n\t\t<div class=\"elementor-element elementor-element-f181323 e-flex e-con-boxed e-con e-parent\" data-id=\"f181323\" data-element_type=\"container\" data-e-type=\"container\" data-settings=\"{&quot;background_background&quot;:&quot;gradient&quot;}\">\n\t\t\t\t\t<div class=\"e-con-inner\">\n\t\t<div class=\"elementor-element elementor-element-49efb52 e-con-full e-flex e-con e-child\" data-id=\"49efb52\" data-element_type=\"container\" data-e-type=\"container\">\n\t\t\t\t<div class=\"elementor-element elementor-element-c93b8d5 elementor-widget__width-inherit elementor-widget elementor-widget-heading\" data-id=\"c93b8d5\" data-element_type=\"widget\" data-e-type=\"widget\" data-widget_type=\"heading.default\">\n\t\t\t\t<div class=\"elementor-widget-container\">\n\t\t\t\t\t<h3 class=\"elementor-heading-title elementor-size-default\">Flexible\n<\/h3>\t\t\t\t<\/div>\n\t\t\t\t<\/div>\n\t\t\t\t<div class=\"elementor-element elementor-element-c082608 elementor-widget__width-inherit elementor-widget elementor-widget-heading\" data-id=\"c082608\" data-element_type=\"widget\" data-e-type=\"widget\" data-widget_type=\"heading.default\">\n\t\t\t\t<div class=\"elementor-widget-container\">\n\t\t\t\t\t<h1 class=\"elementor-heading-title elementor-size-default\">At home on many platforms<\/h1>\t\t\t\t<\/div>\n\t\t\t\t<\/div>\n\t\t\t\t<div class=\"elementor-element elementor-element-c2d1814 elementor-widget__width-inherit elementor-widget-mobile__width-inherit elementor-widget elementor-widget-text-editor\" data-id=\"c2d1814\" data-element_type=\"widget\" data-e-type=\"widget\" data-widget_type=\"text-editor.default\">\n\t\t\t\t<div class=\"elementor-widget-container\">\n\t\t\t\t\t\t\t\t\t<p>Our DMD2 Music channels can be received with a variety of player technologies, according to your needs and capabilities.<\/p>\n\t\t\t\t\t\t\t\t<\/div>\n\t\t\t\t<\/div>\n\t\t\t\t<div class=\"elementor-element elementor-element-1e01c76 elementor-align-left elementor-widget__width-inherit elementor-widget elementor-widget-button\" data-id=\"1e01c76\" data-element_type=\"widget\" data-e-type=\"widget\" data-widget_type=\"button.default\">\n\t\t\t\t<div class=\"elementor-widget-container\">\n\t\t\t\t\t\t\t\t\t<div class=\"elementor-button-wrapper\">\n\t\t\t\t\t<a class=\"elementor-button elementor-button-link elementor-size-sm\" href=\"https:\/\/dmd2.com\/en\/how-it-works\/\">\n\t\t\t\t\t\t<span class=\"elementor-button-content-wrapper\">\n\t\t\t\t\t\t\t\t\t<span class=\"elementor-button-text\">How it works<\/span>\n\t\t\t\t\t<\/span>\n\t\t\t\t\t<\/a>\n\t\t\t\t<\/div>\n\t\t\t\t\t\t\t\t<\/div>\n\t\t\t\t<\/div>\n\t\t\t\t<\/div>\n\t\t\t\t<div class=\"elementor-element elementor-element-2a83433 elementor-widget__width-initial elementor-widget elementor-widget-image\" data-id=\"2a83433\" data-element_type=\"widget\" data-e-type=\"widget\" data-widget_type=\"image.default\">\n\t\t\t\t<div class=\"elementor-widget-container\">\n\t\t\t\t\t\t\t\t\t\t\t\t\t\t\t<img fetchpriority=\"high\" decoding=\"async\" width=\"800\" height=\"450\" src=\"https:\/\/dmd2.com\/wp-content\/uploads\/2023\/06\/header-image_so-funktionierts_02-1024x576.png\" class=\"attachment-large size-large wp-image-6781\" alt=\"\" srcset=\"https:\/\/dmd2.com\/wp-content\/uploads\/2023\/06\/header-image_so-funktionierts_02-1024x576.png 1024w, https:\/\/dmd2.com\/wp-content\/uploads\/2023\/06\/header-image_so-funktionierts_02-300x169.png 300w, https:\/\/dmd2.com\/wp-content\/uploads\/2023\/06\/header-image_so-funktionierts_02-768x432.png 768w, https:\/\/dmd2.com\/wp-content\/uploads\/2023\/06\/header-image_so-funktionierts_02-1536x864.png 1536w, https:\/\/dmd2.com\/wp-content\/uploads\/2023\/06\/header-image_so-funktionierts_02.png 1920w\" sizes=\"(max-width: 800px) 100vw, 800px\" \/>\t\t\t\t\t\t\t\t\t\t\t\t\t\t\t<\/div>\n\t\t\t\t<\/div>\n\t\t\t\t\t<\/div>\n\t\t\t\t<\/div>\n\t\t<div class=\"elementor-element elementor-element-443ca1b e-flex e-con-boxed e-con e-parent\" data-id=\"443ca1b\" data-element_type=\"container\" data-e-type=\"container\">\n\t\t\t\t\t<div class=\"e-con-inner\">\n\t\t\t\t<div class=\"elementor-element elementor-element-d90b18e elementor-widget-divider--view-line elementor-widget elementor-widget-divider\" data-id=\"d90b18e\" data-element_type=\"widget\" data-e-type=\"widget\" data-widget_type=\"divider.default\">\n\t\t\t\t<div class=\"elementor-widget-container\">\n\t\t\t\t\t\t\t<div class=\"elementor-divider\">\n\t\t\t<span class=\"elementor-divider-separator\">\n\t\t\t\t\t\t<\/span>\n\t\t<\/div>\n\t\t\t\t\t\t<\/div>\n\t\t\t\t<\/div>\n\t\t\t\t\t<\/div>\n\t\t\t\t<\/div>\n\t\t\t\t<\/div>\n\t\t","protected":false},"excerpt":{"rendered":"<p>hoteladio.fm is now DMD2 Music! Welcome Sonos users! Discover a whole new music experience for your Sonos installation now! Thanks to a subscription of DMD2 Music &#8211; already from CHF 13.90 per month! With DMD2 Music, depending on the subscription, you get over 80 premium music channels into your home, highly available, with always new [&hellip;]<\/p>\n","protected":false},"author":6,"featured_media":0,"parent":0,"menu_order":0,"comment_status":"closed","ping_status":"closed","template":"","meta":{"footnotes":""},"class_list":["post-9348","page","type-page","status-publish","hentry"],"yoast_head":"<!-- This site is optimized with the Yoast SEO plugin v27.3 - https:\/\/yoast.com\/product\/yoast-seo-wordpress\/ -->\n<title>Sonos Landingpage<\/title>\n<meta name=\"description\" content=\"DMD2 Music (formerly hotelradio.fm) is available on the Sonos system as a music service. Simply select \u201cDMD2 Music\u201d in the list of music services in the Sonos Controller. Enter your user name, done! You have all the music packages according to your subscription conveniently available, directly in the Sonos system.\" \/>\n<meta name=\"robots\" content=\"index, follow, max-snippet:-1, max-image-preview:large, max-video-preview:-1\" \/>\n<link rel=\"canonical\" href=\"https:\/\/dmd2.com\/en\/dmd2-music-on-sonos-systems\/\" \/>\n<meta property=\"og:locale\" content=\"en_US\" \/>\n<meta property=\"og:type\" content=\"article\" \/>\n<meta property=\"og:title\" content=\"Sonos Landingpage\" \/>\n<meta property=\"og:description\" content=\"DMD2 Music (formerly hotelradio.fm) is available on the Sonos system as a music service. Simply select \u201cDMD2 Music\u201d in the list of music services in the Sonos Controller. Enter your user name, done! You have all the music packages according to your subscription conveniently available, directly in the Sonos system.\" \/>\n<meta property=\"og:url\" content=\"https:\/\/dmd2.com\/en\/dmd2-music-on-sonos-systems\/\" \/>\n<meta property=\"og:site_name\" content=\"DMD2 \u2013 Hintergrundmusik f\u00fcr Unternehmen\" \/>\n<meta property=\"article:publisher\" content=\"https:\/\/www.facebook.com\/DMD2AG\" \/>\n<meta property=\"article:modified_time\" content=\"2025-01-31T15:17:43+00:00\" \/>\n<meta property=\"og:image\" content=\"https:\/\/dmd2.com\/wp-content\/uploads\/elementor\/thumbs\/sonos-scaled-q8q2j89ie47mmc7gmlfpa2uduwd5lft35klh74cv5w.webp\" \/>\n<meta name=\"twitter:card\" content=\"summary_large_image\" \/>\n<meta name=\"twitter:site\" content=\"@dmd2\" \/>\n<meta name=\"twitter:label1\" content=\"Est. reading time\" \/>\n\t<meta name=\"twitter:data1\" content=\"2 minutes\" \/>\n<script type=\"application\/ld+json\" class=\"yoast-schema-graph\">{\"@context\":\"https:\\\/\\\/schema.org\",\"@graph\":[{\"@type\":\"WebPage\",\"@id\":\"https:\\\/\\\/dmd2.com\\\/en\\\/dmd2-music-on-sonos-systems\\\/\",\"url\":\"https:\\\/\\\/dmd2.com\\\/en\\\/dmd2-music-on-sonos-systems\\\/\",\"name\":\"Sonos Landingpage\",\"isPartOf\":{\"@id\":\"https:\\\/\\\/dmd2.com\\\/en\\\/#website\"},\"primaryImageOfPage\":{\"@id\":\"https:\\\/\\\/dmd2.com\\\/en\\\/dmd2-music-on-sonos-systems\\\/#primaryimage\"},\"image\":{\"@id\":\"https:\\\/\\\/dmd2.com\\\/en\\\/dmd2-music-on-sonos-systems\\\/#primaryimage\"},\"thumbnailUrl\":\"https:\\\/\\\/dmd2.com\\\/wp-content\\\/uploads\\\/elementor\\\/thumbs\\\/sonos-scaled-q8q2j89ie47mmc7gmlfpa2uduwd5lft35klh74cv5w.webp\",\"datePublished\":\"2023-06-30T12:00:16+00:00\",\"dateModified\":\"2025-01-31T15:17:43+00:00\",\"description\":\"DMD2 Music (formerly hotelradio.fm) is available on the Sonos system as a music service. Simply select \u201cDMD2 Music\u201d in the list of music services in the Sonos Controller. Enter your user name, done! You have all the music packages according to your subscription conveniently available, directly in the Sonos system.\",\"breadcrumb\":{\"@id\":\"https:\\\/\\\/dmd2.com\\\/en\\\/dmd2-music-on-sonos-systems\\\/#breadcrumb\"},\"inLanguage\":\"en-US\",\"potentialAction\":[{\"@type\":\"ReadAction\",\"target\":[\"https:\\\/\\\/dmd2.com\\\/en\\\/dmd2-music-on-sonos-systems\\\/\"]}]},{\"@type\":\"ImageObject\",\"inLanguage\":\"en-US\",\"@id\":\"https:\\\/\\\/dmd2.com\\\/en\\\/dmd2-music-on-sonos-systems\\\/#primaryimage\",\"url\":\"https:\\\/\\\/dmd2.com\\\/wp-content\\\/uploads\\\/elementor\\\/thumbs\\\/sonos-scaled-q8q2j89ie47mmc7gmlfpa2uduwd5lft35klh74cv5w.webp\",\"contentUrl\":\"https:\\\/\\\/dmd2.com\\\/wp-content\\\/uploads\\\/elementor\\\/thumbs\\\/sonos-scaled-q8q2j89ie47mmc7gmlfpa2uduwd5lft35klh74cv5w.webp\"},{\"@type\":\"BreadcrumbList\",\"@id\":\"https:\\\/\\\/dmd2.com\\\/en\\\/dmd2-music-on-sonos-systems\\\/#breadcrumb\",\"itemListElement\":[{\"@type\":\"ListItem\",\"position\":1,\"name\":\"Startseite\",\"item\":\"https:\\\/\\\/dmd2.com\\\/en\\\/licensed-and-royalty-free-music-solutions-for-retail-hospitality-fitness-and-more-easy-instore-audio-start-your-free-trial-now\\\/\"},{\"@type\":\"ListItem\",\"position\":2,\"name\":\"Sonos Landingpage\"}]},{\"@type\":\"WebSite\",\"@id\":\"https:\\\/\\\/dmd2.com\\\/en\\\/#website\",\"url\":\"https:\\\/\\\/dmd2.com\\\/en\\\/\",\"name\":\"DMD2 - Technology & Emotion, Hintergrundmusik f\u00fcr Unternehmen\",\"description\":\"GEMA-freie und lizenzierte Musikl\u00f6sungen f\u00fcr Ihr Restaurant, Hotel, Studio, Shop, oder Filiale. Instore Audio, Playlists individuell erstellt. Jetzt gratis testen!\",\"publisher\":{\"@id\":\"https:\\\/\\\/dmd2.com\\\/en\\\/#organization\"},\"potentialAction\":[{\"@type\":\"SearchAction\",\"target\":{\"@type\":\"EntryPoint\",\"urlTemplate\":\"https:\\\/\\\/dmd2.com\\\/en\\\/?s={search_term_string}\"},\"query-input\":{\"@type\":\"PropertyValueSpecification\",\"valueRequired\":true,\"valueName\":\"search_term_string\"}}],\"inLanguage\":\"en-US\"},{\"@type\":\"Organization\",\"@id\":\"https:\\\/\\\/dmd2.com\\\/en\\\/#organization\",\"name\":\"DMD2\",\"url\":\"https:\\\/\\\/dmd2.com\\\/en\\\/\",\"logo\":{\"@type\":\"ImageObject\",\"inLanguage\":\"en-US\",\"@id\":\"https:\\\/\\\/dmd2.com\\\/en\\\/#\\\/schema\\\/logo\\\/image\\\/\",\"url\":\"https:\\\/\\\/dmd2.com\\\/wp-content\\\/uploads\\\/2023\\\/05\\\/logo_technology-emotion.png\",\"contentUrl\":\"https:\\\/\\\/dmd2.com\\\/wp-content\\\/uploads\\\/2023\\\/05\\\/logo_technology-emotion.png\",\"width\":874,\"height\":248,\"caption\":\"DMD2\"},\"image\":{\"@id\":\"https:\\\/\\\/dmd2.com\\\/en\\\/#\\\/schema\\\/logo\\\/image\\\/\"},\"sameAs\":[\"https:\\\/\\\/www.facebook.com\\\/DMD2AG\",\"https:\\\/\\\/x.com\\\/dmd2\",\"https:\\\/\\\/www.instagram.com\\\/dmd2__\",\"https:\\\/\\\/www.linkedin.com\\\/company\\\/digitalmediadistribution\\\/\"]}]}<\/script>\n<!-- \/ Yoast SEO plugin. -->","yoast_head_json":{"title":"Sonos Landingpage","description":"DMD2 Music (formerly hotelradio.fm) is available on the Sonos system as a music service. Simply select \u201cDMD2 Music\u201d in the list of music services in the Sonos Controller. Enter your user name, done! You have all the music packages according to your subscription conveniently available, directly in the Sonos system.","robots":{"index":"index","follow":"follow","max-snippet":"max-snippet:-1","max-image-preview":"max-image-preview:large","max-video-preview":"max-video-preview:-1"},"canonical":"https:\/\/dmd2.com\/en\/dmd2-music-on-sonos-systems\/","og_locale":"en_US","og_type":"article","og_title":"Sonos Landingpage","og_description":"DMD2 Music (formerly hotelradio.fm) is available on the Sonos system as a music service. Simply select \u201cDMD2 Music\u201d in the list of music services in the Sonos Controller. Enter your user name, done! You have all the music packages according to your subscription conveniently available, directly in the Sonos system.","og_url":"https:\/\/dmd2.com\/en\/dmd2-music-on-sonos-systems\/","og_site_name":"DMD2 \u2013 Hintergrundmusik f\u00fcr Unternehmen","article_publisher":"https:\/\/www.facebook.com\/DMD2AG","article_modified_time":"2025-01-31T15:17:43+00:00","og_image":[{"url":"https:\/\/dmd2.com\/wp-content\/uploads\/elementor\/thumbs\/sonos-scaled-q8q2j89ie47mmc7gmlfpa2uduwd5lft35klh74cv5w.webp","type":"","width":"","height":""}],"twitter_card":"summary_large_image","twitter_site":"@dmd2","twitter_misc":{"Est. reading time":"2 minutes"},"schema":{"@context":"https:\/\/schema.org","@graph":[{"@type":"WebPage","@id":"https:\/\/dmd2.com\/en\/dmd2-music-on-sonos-systems\/","url":"https:\/\/dmd2.com\/en\/dmd2-music-on-sonos-systems\/","name":"Sonos Landingpage","isPartOf":{"@id":"https:\/\/dmd2.com\/en\/#website"},"primaryImageOfPage":{"@id":"https:\/\/dmd2.com\/en\/dmd2-music-on-sonos-systems\/#primaryimage"},"image":{"@id":"https:\/\/dmd2.com\/en\/dmd2-music-on-sonos-systems\/#primaryimage"},"thumbnailUrl":"https:\/\/dmd2.com\/wp-content\/uploads\/elementor\/thumbs\/sonos-scaled-q8q2j89ie47mmc7gmlfpa2uduwd5lft35klh74cv5w.webp","datePublished":"2023-06-30T12:00:16+00:00","dateModified":"2025-01-31T15:17:43+00:00","description":"DMD2 Music (formerly hotelradio.fm) is available on the Sonos system as a music service. Simply select \u201cDMD2 Music\u201d in the list of music services in the Sonos Controller. Enter your user name, done! You have all the music packages according to your subscription conveniently available, directly in the Sonos system.","breadcrumb":{"@id":"https:\/\/dmd2.com\/en\/dmd2-music-on-sonos-systems\/#breadcrumb"},"inLanguage":"en-US","potentialAction":[{"@type":"ReadAction","target":["https:\/\/dmd2.com\/en\/dmd2-music-on-sonos-systems\/"]}]},{"@type":"ImageObject","inLanguage":"en-US","@id":"https:\/\/dmd2.com\/en\/dmd2-music-on-sonos-systems\/#primaryimage","url":"https:\/\/dmd2.com\/wp-content\/uploads\/elementor\/thumbs\/sonos-scaled-q8q2j89ie47mmc7gmlfpa2uduwd5lft35klh74cv5w.webp","contentUrl":"https:\/\/dmd2.com\/wp-content\/uploads\/elementor\/thumbs\/sonos-scaled-q8q2j89ie47mmc7gmlfpa2uduwd5lft35klh74cv5w.webp"},{"@type":"BreadcrumbList","@id":"https:\/\/dmd2.com\/en\/dmd2-music-on-sonos-systems\/#breadcrumb","itemListElement":[{"@type":"ListItem","position":1,"name":"Startseite","item":"https:\/\/dmd2.com\/en\/licensed-and-royalty-free-music-solutions-for-retail-hospitality-fitness-and-more-easy-instore-audio-start-your-free-trial-now\/"},{"@type":"ListItem","position":2,"name":"Sonos Landingpage"}]},{"@type":"WebSite","@id":"https:\/\/dmd2.com\/en\/#website","url":"https:\/\/dmd2.com\/en\/","name":"DMD2 - Technology & Emotion, Hintergrundmusik f\u00fcr Unternehmen","description":"GEMA-freie und lizenzierte Musikl\u00f6sungen f\u00fcr Ihr Restaurant, Hotel, Studio, Shop, oder Filiale. Instore Audio, Playlists individuell erstellt. Jetzt gratis testen!","publisher":{"@id":"https:\/\/dmd2.com\/en\/#organization"},"potentialAction":[{"@type":"SearchAction","target":{"@type":"EntryPoint","urlTemplate":"https:\/\/dmd2.com\/en\/?s={search_term_string}"},"query-input":{"@type":"PropertyValueSpecification","valueRequired":true,"valueName":"search_term_string"}}],"inLanguage":"en-US"},{"@type":"Organization","@id":"https:\/\/dmd2.com\/en\/#organization","name":"DMD2","url":"https:\/\/dmd2.com\/en\/","logo":{"@type":"ImageObject","inLanguage":"en-US","@id":"https:\/\/dmd2.com\/en\/#\/schema\/logo\/image\/","url":"https:\/\/dmd2.com\/wp-content\/uploads\/2023\/05\/logo_technology-emotion.png","contentUrl":"https:\/\/dmd2.com\/wp-content\/uploads\/2023\/05\/logo_technology-emotion.png","width":874,"height":248,"caption":"DMD2"},"image":{"@id":"https:\/\/dmd2.com\/en\/#\/schema\/logo\/image\/"},"sameAs":["https:\/\/www.facebook.com\/DMD2AG","https:\/\/x.com\/dmd2","https:\/\/www.instagram.com\/dmd2__","https:\/\/www.linkedin.com\/company\/digitalmediadistribution\/"]}]}},"_links":{"self":[{"href":"https:\/\/dmd2.com\/en\/wp-json\/wp\/v2\/pages\/9348","targetHints":{"allow":["GET"]}}],"collection":[{"href":"https:\/\/dmd2.com\/en\/wp-json\/wp\/v2\/pages"}],"about":[{"href":"https:\/\/dmd2.com\/en\/wp-json\/wp\/v2\/types\/page"}],"author":[{"embeddable":true,"href":"https:\/\/dmd2.com\/en\/wp-json\/wp\/v2\/users\/6"}],"replies":[{"embeddable":true,"href":"https:\/\/dmd2.com\/en\/wp-json\/wp\/v2\/comments?post=9348"}],"version-history":[{"count":10,"href":"https:\/\/dmd2.com\/en\/wp-json\/wp\/v2\/pages\/9348\/revisions"}],"predecessor-version":[{"id":16397,"href":"https:\/\/dmd2.com\/en\/wp-json\/wp\/v2\/pages\/9348\/revisions\/16397"}],"wp:attachment":[{"href":"https:\/\/dmd2.com\/en\/wp-json\/wp\/v2\/media?parent=9348"}],"curies":[{"name":"wp","href":"https:\/\/api.w.org\/{rel}","templated":true}]}}