{"id":19031,"date":"2025-09-11T16:40:16","date_gmt":"2025-09-11T14:40:16","guid":{"rendered":"https:\/\/dmd2.com\/?page_id=19031"},"modified":"2025-11-12T18:48:26","modified_gmt":"2025-11-12T17:48:26","slug":"casastunes","status":"publish","type":"page","link":"https:\/\/dmd2.com\/en\/casastunes\/","title":{"rendered":"Casastune&#8217;s landing page"},"content":{"rendered":"\t\t<div data-elementor-type=\"wp-page\" data-elementor-id=\"19031\" class=\"elementor elementor-19031 elementor-19024\" data-elementor-post-type=\"page\">\n\t\t\t\t<div class=\"elementor-element elementor-element-a679c10 e-flex e-con-boxed e-con e-parent\" data-id=\"a679c10\" data-element_type=\"container\" data-e-type=\"container\" data-settings=\"{&quot;background_background&quot;:&quot;classic&quot;}\">\n\t\t\t\t\t<div class=\"e-con-inner\">\n\t\t<div class=\"elementor-element elementor-element-b3e0b3c e-con-full e-flex e-con e-child\" data-id=\"b3e0b3c\" data-element_type=\"container\" data-e-type=\"container\" data-settings=\"{&quot;background_background&quot;:&quot;classic&quot;}\">\n\t\t\t\t<div class=\"elementor-element elementor-element-2dbc873 elementor-widget elementor-widget-heading\" data-id=\"2dbc873\" data-element_type=\"widget\" data-e-type=\"widget\" data-widget_type=\"heading.default\">\n\t\t\t\t<div class=\"elementor-widget-container\">\n\t\t\t\t\t<h3 class=\"elementor-heading-title elementor-size-default\">DMD2 Music - Background music with CasaTunes<\/h3>\t\t\t\t<\/div>\n\t\t\t\t<\/div>\n\t\t\t\t<div class=\"elementor-element elementor-element-d690d10 elementor-widget__width-inherit elementor-widget elementor-widget-heading\" data-id=\"d690d10\" data-element_type=\"widget\" data-e-type=\"widget\" data-widget_type=\"heading.default\">\n\t\t\t\t<div class=\"elementor-widget-container\">\n\t\t\t\t\t<h1 class=\"elementor-heading-title elementor-size-default\">Welcome CasaTunes User<\/h1>\t\t\t\t<\/div>\n\t\t\t\t<\/div>\n\t\t<div class=\"elementor-element elementor-element-4c63876 e-con-full e-flex e-con e-child\" data-id=\"4c63876\" data-element_type=\"container\" data-e-type=\"container\">\n\t\t\t\t<div class=\"elementor-element elementor-element-f7b0204 elementor-widget__width-inherit elementor-widget-mobile__width-inherit elementor-widget elementor-widget-text-editor\" data-id=\"f7b0204\" data-element_type=\"widget\" data-e-type=\"widget\" data-widget_type=\"text-editor.default\">\n\t\t\t\t<div class=\"elementor-widget-container\">\n\t\t\t\t\t\t\t\t\t<p>Discover a whole new music experience for your CasaTunes installation! Thanks to a subscription to DMD2 Music &#8211; from just CHF 13.90 per month! <\/p><p>With DMD2 Music, depending on the subscription, you get over 80 premium music channels into your home, highly available, with always new titles and of course without commercial interruption.<\/p><h2>How DMD2 Music works with CasaTunes<\/h2><p>DMD2 Music is available as a music service on the CasaTunes system. Simply select &#8220;DMD2 Music&#8221; as the source in the list of music services.  Enter your user name, done! Now you have all the music packages according to your subscription conveniently available directly in the CasaTunes system.<\/p><p>Register now using the link below and enjoy 30 days of free and unadulterated music enjoyment directly via your CasaTunes installation, in the best 128kbps MP3 stereo quality.<\/p>\t\t\t\t\t\t\t\t<\/div>\n\t\t\t\t<\/div>\n\t\t\t\t<div class=\"elementor-element elementor-element-f9468f7 elementor-widget elementor-widget-button\" data-id=\"f9468f7\" data-element_type=\"widget\" data-e-type=\"widget\" data-widget_type=\"button.default\">\n\t\t\t\t<div class=\"elementor-widget-container\">\n\t\t\t\t\t\t\t\t\t<div class=\"elementor-button-wrapper\">\n\t\t\t\t\t<a class=\"elementor-button elementor-button-link elementor-size-sm\" href=\"https:\/\/dashboard.dmd2.com\/\" target=\"_blank\">\n\t\t\t\t\t\t<span class=\"elementor-button-content-wrapper\">\n\t\t\t\t\t\t\t\t\t<span class=\"elementor-button-text\">Register now<\/span>\n\t\t\t\t\t<\/span>\n\t\t\t\t\t<\/a>\n\t\t\t\t<\/div>\n\t\t\t\t\t\t\t\t<\/div>\n\t\t\t\t<\/div>\n\t\t\t\t<div class=\"elementor-element elementor-element-e4d9191 elementor-widget elementor-widget-button\" data-id=\"e4d9191\" data-element_type=\"widget\" data-e-type=\"widget\" data-widget_type=\"button.default\">\n\t\t\t\t<div class=\"elementor-widget-container\">\n\t\t\t\t\t\t\t\t\t<div class=\"elementor-button-wrapper\">\n\t\t\t\t\t<a class=\"elementor-button elementor-button-link elementor-size-sm\" href=\"https:\/\/dmd2.com\/en\/dmd2-prices\/\">\n\t\t\t\t\t\t<span class=\"elementor-button-content-wrapper\">\n\t\t\t\t\t\t\t\t\t<span class=\"elementor-button-text\">Pricing<\/span>\n\t\t\t\t\t<\/span>\n\t\t\t\t\t<\/a>\n\t\t\t\t<\/div>\n\t\t\t\t\t\t\t\t<\/div>\n\t\t\t\t<\/div>\n\t\t\t\t<\/div>\n\t\t\t\t<div class=\"elementor-element elementor-element-a9c77f8 elementor-widget__width-initial elementor-widget elementor-widget-image\" data-id=\"a9c77f8\" data-element_type=\"widget\" data-e-type=\"widget\" data-widget_type=\"image.default\">\n\t\t\t\t<div class=\"elementor-widget-container\">\n\t\t\t\t\t\t\t\t\t\t\t\t\t\t\t<img fetchpriority=\"high\" decoding=\"async\" width=\"800\" height=\"534\" src=\"https:\/\/dmd2.com\/wp-content\/uploads\/2025\/09\/6337448a32bebf5e9ee09c94_ct-plus-no-background-1024x683.png\" class=\"attachment-large size-large wp-image-19027\" alt=\"\" srcset=\"https:\/\/dmd2.com\/wp-content\/uploads\/2025\/09\/6337448a32bebf5e9ee09c94_ct-plus-no-background-1024x683.png 1024w, https:\/\/dmd2.com\/wp-content\/uploads\/2025\/09\/6337448a32bebf5e9ee09c94_ct-plus-no-background-300x200.png 300w, https:\/\/dmd2.com\/wp-content\/uploads\/2025\/09\/6337448a32bebf5e9ee09c94_ct-plus-no-background-768x512.png 768w, https:\/\/dmd2.com\/wp-content\/uploads\/2025\/09\/6337448a32bebf5e9ee09c94_ct-plus-no-background-1536x1024.png 1536w, https:\/\/dmd2.com\/wp-content\/uploads\/2025\/09\/6337448a32bebf5e9ee09c94_ct-plus-no-background.png 2048w\" sizes=\"(max-width: 800px) 100vw, 800px\" \/>\t\t\t\t\t\t\t\t\t\t\t\t\t\t\t<\/div>\n\t\t\t\t<\/div>\n\t\t\t\t<\/div>\n\t\t\t\t\t<\/div>\n\t\t\t\t<\/div>\n\t\t<div class=\"elementor-element elementor-element-f181323 e-flex e-con-boxed e-con e-parent\" data-id=\"f181323\" data-element_type=\"container\" data-e-type=\"container\" data-settings=\"{&quot;background_background&quot;:&quot;gradient&quot;}\">\n\t\t\t\t\t<div class=\"e-con-inner\">\n\t\t<div class=\"elementor-element elementor-element-49efb52 e-con-full e-flex e-con e-child\" data-id=\"49efb52\" data-element_type=\"container\" data-e-type=\"container\">\n\t\t\t\t<div class=\"elementor-element elementor-element-c93b8d5 elementor-widget__width-inherit elementor-widget elementor-widget-heading\" data-id=\"c93b8d5\" data-element_type=\"widget\" data-e-type=\"widget\" data-widget_type=\"heading.default\">\n\t\t\t\t<div class=\"elementor-widget-container\">\n\t\t\t\t\t<h3 class=\"elementor-heading-title elementor-size-default\">Flexible\n<\/h3>\t\t\t\t<\/div>\n\t\t\t\t<\/div>\n\t\t\t\t<div class=\"elementor-element elementor-element-c082608 elementor-widget__width-inherit elementor-widget elementor-widget-heading\" data-id=\"c082608\" data-element_type=\"widget\" data-e-type=\"widget\" data-widget_type=\"heading.default\">\n\t\t\t\t<div class=\"elementor-widget-container\">\n\t\t\t\t\t<h1 class=\"elementor-heading-title elementor-size-default\">At home on many platforms<\/h1>\t\t\t\t<\/div>\n\t\t\t\t<\/div>\n\t\t\t\t<div class=\"elementor-element elementor-element-c2d1814 elementor-widget__width-inherit elementor-widget-mobile__width-inherit elementor-widget elementor-widget-text-editor\" data-id=\"c2d1814\" data-element_type=\"widget\" data-e-type=\"widget\" data-widget_type=\"text-editor.default\">\n\t\t\t\t<div class=\"elementor-widget-container\">\n\t\t\t\t\t\t\t\t\t<p>Our DMD2 Music channels can be received with a variety of player technologies, according to your needs and capabilities.<\/p>\t\t\t\t\t\t\t\t<\/div>\n\t\t\t\t<\/div>\n\t\t\t\t<div class=\"elementor-element elementor-element-1e01c76 elementor-align-left elementor-widget__width-inherit elementor-widget elementor-widget-button\" data-id=\"1e01c76\" data-element_type=\"widget\" data-e-type=\"widget\" data-widget_type=\"button.default\">\n\t\t\t\t<div class=\"elementor-widget-container\">\n\t\t\t\t\t\t\t\t\t<div class=\"elementor-button-wrapper\">\n\t\t\t\t\t<a class=\"elementor-button elementor-button-link elementor-size-sm\" href=\"https:\/\/dmd2.com\/en\/how-it-works\/\">\n\t\t\t\t\t\t<span class=\"elementor-button-content-wrapper\">\n\t\t\t\t\t\t\t\t\t<span class=\"elementor-button-text\">How it works<\/span>\n\t\t\t\t\t<\/span>\n\t\t\t\t\t<\/a>\n\t\t\t\t<\/div>\n\t\t\t\t\t\t\t\t<\/div>\n\t\t\t\t<\/div>\n\t\t\t\t<\/div>\n\t\t\t\t<div class=\"elementor-element elementor-element-2a83433 elementor-widget__width-initial elementor-widget elementor-widget-image\" data-id=\"2a83433\" data-element_type=\"widget\" data-e-type=\"widget\" data-widget_type=\"image.default\">\n\t\t\t\t<div class=\"elementor-widget-container\">\n\t\t\t\t\t\t\t\t\t\t\t\t\t\t\t<img decoding=\"async\" width=\"800\" height=\"450\" src=\"https:\/\/dmd2.com\/wp-content\/uploads\/2023\/06\/header-image_so-funktionierts_02-1024x576.png\" class=\"attachment-large size-large wp-image-6781\" alt=\"\" srcset=\"https:\/\/dmd2.com\/wp-content\/uploads\/2023\/06\/header-image_so-funktionierts_02-1024x576.png 1024w, https:\/\/dmd2.com\/wp-content\/uploads\/2023\/06\/header-image_so-funktionierts_02-300x169.png 300w, https:\/\/dmd2.com\/wp-content\/uploads\/2023\/06\/header-image_so-funktionierts_02-768x432.png 768w, https:\/\/dmd2.com\/wp-content\/uploads\/2023\/06\/header-image_so-funktionierts_02-1536x864.png 1536w, https:\/\/dmd2.com\/wp-content\/uploads\/2023\/06\/header-image_so-funktionierts_02.png 1920w\" sizes=\"(max-width: 800px) 100vw, 800px\" \/>\t\t\t\t\t\t\t\t\t\t\t\t\t\t\t<\/div>\n\t\t\t\t<\/div>\n\t\t\t\t\t<\/div>\n\t\t\t\t<\/div>\n\t\t<div class=\"elementor-element elementor-element-443ca1b e-flex e-con-boxed e-con e-parent\" data-id=\"443ca1b\" data-element_type=\"container\" data-e-type=\"container\">\n\t\t\t\t\t<div class=\"e-con-inner\">\n\t\t\t\t<div class=\"elementor-element elementor-element-d90b18e elementor-widget-divider--view-line elementor-widget elementor-widget-divider\" data-id=\"d90b18e\" data-element_type=\"widget\" data-e-type=\"widget\" data-widget_type=\"divider.default\">\n\t\t\t\t<div class=\"elementor-widget-container\">\n\t\t\t\t\t\t\t<div class=\"elementor-divider\">\n\t\t\t<span class=\"elementor-divider-separator\">\n\t\t\t\t\t\t<\/span>\n\t\t<\/div>\n\t\t\t\t\t\t<\/div>\n\t\t\t\t<\/div>\n\t\t\t\t\t<\/div>\n\t\t\t\t<\/div>\n\t\t\t\t<\/div>\n\t\t","protected":false},"excerpt":{"rendered":"<p>DMD2 Music &#8211; Background music with CasaTunes Welcome CasaTunes User Discover a whole new music experience for your CasaTunes installation! Thanks to a subscription to DMD2 Music &#8211; from just CHF 13.90 per month! With DMD2 Music, depending on the subscription, you get over 80 premium music channels into your home, highly available, with always [&hellip;]<\/p>\n","protected":false},"author":8,"featured_media":0,"parent":0,"menu_order":0,"comment_status":"closed","ping_status":"closed","template":"","meta":{"footnotes":""},"class_list":["post-19031","page","type-page","status-publish","hentry"],"yoast_head":"<!-- This site is optimized with the Yoast SEO plugin v27.3 - https:\/\/yoast.com\/product\/yoast-seo-wordpress\/ -->\n<title>DMD2 Music - Background music with CasaTunes<\/title>\n<meta name=\"description\" content=\"DMD2 \u2013 Hintergrundmusik f\u00fcr Unternehmen for your business, restaurants, bars or hotels\" \/>\n<meta name=\"robots\" content=\"index, follow, max-snippet:-1, max-image-preview:large, max-video-preview:-1\" \/>\n<link rel=\"canonical\" href=\"https:\/\/dmd2.com\/en\/casastunes\/\" \/>\n<meta property=\"og:locale\" content=\"en_US\" \/>\n<meta property=\"og:type\" content=\"article\" \/>\n<meta property=\"og:title\" content=\"DMD2 Music - Background music with CasaTunes\" \/>\n<meta property=\"og:description\" content=\"DMD2 \u2013 Hintergrundmusik f\u00fcr Unternehmen for your business, restaurants, bars or hotels\" \/>\n<meta property=\"og:url\" content=\"https:\/\/dmd2.com\/en\/casastunes\/\" \/>\n<meta property=\"og:site_name\" content=\"DMD2 \u2013 Hintergrundmusik f\u00fcr Unternehmen\" \/>\n<meta property=\"article:publisher\" content=\"https:\/\/www.facebook.com\/DMD2AG\" \/>\n<meta property=\"article:modified_time\" content=\"2025-11-12T17:48:26+00:00\" \/>\n<meta property=\"og:image\" content=\"https:\/\/dmd2.com\/wp-content\/uploads\/2025\/09\/6337448a32bebf5e9ee09c94_ct-plus-no-background-1024x683.png\" \/>\n\t<meta property=\"og:image:width\" content=\"1024\" \/>\n\t<meta property=\"og:image:height\" content=\"683\" \/>\n\t<meta property=\"og:image:type\" content=\"image\/png\" \/>\n<meta name=\"twitter:card\" content=\"summary_large_image\" \/>\n<meta name=\"twitter:site\" content=\"@dmd2\" \/>\n<meta name=\"twitter:label1\" content=\"Est. reading time\" \/>\n\t<meta name=\"twitter:data1\" content=\"2 minutes\" \/>\n<script type=\"application\/ld+json\" class=\"yoast-schema-graph\">{\"@context\":\"https:\\\/\\\/schema.org\",\"@graph\":[{\"@type\":\"WebPage\",\"@id\":\"https:\\\/\\\/dmd2.com\\\/en\\\/casastunes\\\/\",\"url\":\"https:\\\/\\\/dmd2.com\\\/en\\\/casastunes\\\/\",\"name\":\"DMD2 Music - Background music with CasaTunes\",\"isPartOf\":{\"@id\":\"https:\\\/\\\/dmd2.com\\\/en\\\/#website\"},\"primaryImageOfPage\":{\"@id\":\"https:\\\/\\\/dmd2.com\\\/en\\\/casastunes\\\/#primaryimage\"},\"image\":{\"@id\":\"https:\\\/\\\/dmd2.com\\\/en\\\/casastunes\\\/#primaryimage\"},\"thumbnailUrl\":\"https:\\\/\\\/dmd2.com\\\/wp-content\\\/uploads\\\/2025\\\/09\\\/6337448a32bebf5e9ee09c94_ct-plus-no-background-1024x683.png\",\"datePublished\":\"2025-09-11T14:40:16+00:00\",\"dateModified\":\"2025-11-12T17:48:26+00:00\",\"description\":\"DMD2 \u2013 Hintergrundmusik f\u00fcr Unternehmen for your business, restaurants, bars or hotels\",\"breadcrumb\":{\"@id\":\"https:\\\/\\\/dmd2.com\\\/en\\\/casastunes\\\/#breadcrumb\"},\"inLanguage\":\"en-US\",\"potentialAction\":[{\"@type\":\"ReadAction\",\"target\":[\"https:\\\/\\\/dmd2.com\\\/en\\\/casastunes\\\/\"]}]},{\"@type\":\"ImageObject\",\"inLanguage\":\"en-US\",\"@id\":\"https:\\\/\\\/dmd2.com\\\/en\\\/casastunes\\\/#primaryimage\",\"url\":\"https:\\\/\\\/dmd2.com\\\/wp-content\\\/uploads\\\/2025\\\/09\\\/6337448a32bebf5e9ee09c94_ct-plus-no-background-1024x683.png\",\"contentUrl\":\"https:\\\/\\\/dmd2.com\\\/wp-content\\\/uploads\\\/2025\\\/09\\\/6337448a32bebf5e9ee09c94_ct-plus-no-background-1024x683.png\"},{\"@type\":\"BreadcrumbList\",\"@id\":\"https:\\\/\\\/dmd2.com\\\/en\\\/casastunes\\\/#breadcrumb\",\"itemListElement\":[{\"@type\":\"ListItem\",\"position\":1,\"name\":\"Startseite\",\"item\":\"https:\\\/\\\/dmd2.com\\\/en\\\/licensed-and-royalty-free-music-solutions-for-retail-hospitality-fitness-and-more-easy-instore-audio-start-your-free-trial-now\\\/\"},{\"@type\":\"ListItem\",\"position\":2,\"name\":\"Casastune&#8217;s landing page\"}]},{\"@type\":\"WebSite\",\"@id\":\"https:\\\/\\\/dmd2.com\\\/en\\\/#website\",\"url\":\"https:\\\/\\\/dmd2.com\\\/en\\\/\",\"name\":\"DMD2 - Technology & Emotion, Hintergrundmusik f\u00fcr Unternehmen\",\"description\":\"GEMA-freie und lizenzierte Musikl\u00f6sungen f\u00fcr Ihr Restaurant, Hotel, Studio, Shop, oder Filiale. Instore Audio, Playlists individuell erstellt. Jetzt gratis testen!\",\"publisher\":{\"@id\":\"https:\\\/\\\/dmd2.com\\\/en\\\/#organization\"},\"potentialAction\":[{\"@type\":\"SearchAction\",\"target\":{\"@type\":\"EntryPoint\",\"urlTemplate\":\"https:\\\/\\\/dmd2.com\\\/en\\\/?s={search_term_string}\"},\"query-input\":{\"@type\":\"PropertyValueSpecification\",\"valueRequired\":true,\"valueName\":\"search_term_string\"}}],\"inLanguage\":\"en-US\"},{\"@type\":\"Organization\",\"@id\":\"https:\\\/\\\/dmd2.com\\\/en\\\/#organization\",\"name\":\"DMD2\",\"url\":\"https:\\\/\\\/dmd2.com\\\/en\\\/\",\"logo\":{\"@type\":\"ImageObject\",\"inLanguage\":\"en-US\",\"@id\":\"https:\\\/\\\/dmd2.com\\\/en\\\/#\\\/schema\\\/logo\\\/image\\\/\",\"url\":\"https:\\\/\\\/dmd2.com\\\/wp-content\\\/uploads\\\/2023\\\/05\\\/logo_technology-emotion.png\",\"contentUrl\":\"https:\\\/\\\/dmd2.com\\\/wp-content\\\/uploads\\\/2023\\\/05\\\/logo_technology-emotion.png\",\"width\":874,\"height\":248,\"caption\":\"DMD2\"},\"image\":{\"@id\":\"https:\\\/\\\/dmd2.com\\\/en\\\/#\\\/schema\\\/logo\\\/image\\\/\"},\"sameAs\":[\"https:\\\/\\\/www.facebook.com\\\/DMD2AG\",\"https:\\\/\\\/x.com\\\/dmd2\",\"https:\\\/\\\/www.instagram.com\\\/dmd2__\",\"https:\\\/\\\/www.linkedin.com\\\/company\\\/digitalmediadistribution\\\/\"]}]}<\/script>\n<!-- \/ Yoast SEO plugin. -->","yoast_head_json":{"title":"DMD2 Music - Background music with CasaTunes","description":"DMD2 \u2013 Hintergrundmusik f\u00fcr Unternehmen for your business, restaurants, bars or hotels","robots":{"index":"index","follow":"follow","max-snippet":"max-snippet:-1","max-image-preview":"max-image-preview:large","max-video-preview":"max-video-preview:-1"},"canonical":"https:\/\/dmd2.com\/en\/casastunes\/","og_locale":"en_US","og_type":"article","og_title":"DMD2 Music - Background music with CasaTunes","og_description":"DMD2 \u2013 Hintergrundmusik f\u00fcr Unternehmen for your business, restaurants, bars or hotels","og_url":"https:\/\/dmd2.com\/en\/casastunes\/","og_site_name":"DMD2 \u2013 Hintergrundmusik f\u00fcr Unternehmen","article_publisher":"https:\/\/www.facebook.com\/DMD2AG","article_modified_time":"2025-11-12T17:48:26+00:00","og_image":[{"width":1024,"height":683,"url":"https:\/\/dmd2.com\/wp-content\/uploads\/2025\/09\/6337448a32bebf5e9ee09c94_ct-plus-no-background-1024x683.png","type":"image\/png"}],"twitter_card":"summary_large_image","twitter_site":"@dmd2","twitter_misc":{"Est. reading time":"2 minutes"},"schema":{"@context":"https:\/\/schema.org","@graph":[{"@type":"WebPage","@id":"https:\/\/dmd2.com\/en\/casastunes\/","url":"https:\/\/dmd2.com\/en\/casastunes\/","name":"DMD2 Music - Background music with CasaTunes","isPartOf":{"@id":"https:\/\/dmd2.com\/en\/#website"},"primaryImageOfPage":{"@id":"https:\/\/dmd2.com\/en\/casastunes\/#primaryimage"},"image":{"@id":"https:\/\/dmd2.com\/en\/casastunes\/#primaryimage"},"thumbnailUrl":"https:\/\/dmd2.com\/wp-content\/uploads\/2025\/09\/6337448a32bebf5e9ee09c94_ct-plus-no-background-1024x683.png","datePublished":"2025-09-11T14:40:16+00:00","dateModified":"2025-11-12T17:48:26+00:00","description":"DMD2 \u2013 Hintergrundmusik f\u00fcr Unternehmen for your business, restaurants, bars or hotels","breadcrumb":{"@id":"https:\/\/dmd2.com\/en\/casastunes\/#breadcrumb"},"inLanguage":"en-US","potentialAction":[{"@type":"ReadAction","target":["https:\/\/dmd2.com\/en\/casastunes\/"]}]},{"@type":"ImageObject","inLanguage":"en-US","@id":"https:\/\/dmd2.com\/en\/casastunes\/#primaryimage","url":"https:\/\/dmd2.com\/wp-content\/uploads\/2025\/09\/6337448a32bebf5e9ee09c94_ct-plus-no-background-1024x683.png","contentUrl":"https:\/\/dmd2.com\/wp-content\/uploads\/2025\/09\/6337448a32bebf5e9ee09c94_ct-plus-no-background-1024x683.png"},{"@type":"BreadcrumbList","@id":"https:\/\/dmd2.com\/en\/casastunes\/#breadcrumb","itemListElement":[{"@type":"ListItem","position":1,"name":"Startseite","item":"https:\/\/dmd2.com\/en\/licensed-and-royalty-free-music-solutions-for-retail-hospitality-fitness-and-more-easy-instore-audio-start-your-free-trial-now\/"},{"@type":"ListItem","position":2,"name":"Casastune&#8217;s landing page"}]},{"@type":"WebSite","@id":"https:\/\/dmd2.com\/en\/#website","url":"https:\/\/dmd2.com\/en\/","name":"DMD2 - Technology & Emotion, Hintergrundmusik f\u00fcr Unternehmen","description":"GEMA-freie und lizenzierte Musikl\u00f6sungen f\u00fcr Ihr Restaurant, Hotel, Studio, Shop, oder Filiale. Instore Audio, Playlists individuell erstellt. Jetzt gratis testen!","publisher":{"@id":"https:\/\/dmd2.com\/en\/#organization"},"potentialAction":[{"@type":"SearchAction","target":{"@type":"EntryPoint","urlTemplate":"https:\/\/dmd2.com\/en\/?s={search_term_string}"},"query-input":{"@type":"PropertyValueSpecification","valueRequired":true,"valueName":"search_term_string"}}],"inLanguage":"en-US"},{"@type":"Organization","@id":"https:\/\/dmd2.com\/en\/#organization","name":"DMD2","url":"https:\/\/dmd2.com\/en\/","logo":{"@type":"ImageObject","inLanguage":"en-US","@id":"https:\/\/dmd2.com\/en\/#\/schema\/logo\/image\/","url":"https:\/\/dmd2.com\/wp-content\/uploads\/2023\/05\/logo_technology-emotion.png","contentUrl":"https:\/\/dmd2.com\/wp-content\/uploads\/2023\/05\/logo_technology-emotion.png","width":874,"height":248,"caption":"DMD2"},"image":{"@id":"https:\/\/dmd2.com\/en\/#\/schema\/logo\/image\/"},"sameAs":["https:\/\/www.facebook.com\/DMD2AG","https:\/\/x.com\/dmd2","https:\/\/www.instagram.com\/dmd2__","https:\/\/www.linkedin.com\/company\/digitalmediadistribution\/"]}]}},"_links":{"self":[{"href":"https:\/\/dmd2.com\/en\/wp-json\/wp\/v2\/pages\/19031","targetHints":{"allow":["GET"]}}],"collection":[{"href":"https:\/\/dmd2.com\/en\/wp-json\/wp\/v2\/pages"}],"about":[{"href":"https:\/\/dmd2.com\/en\/wp-json\/wp\/v2\/types\/page"}],"author":[{"embeddable":true,"href":"https:\/\/dmd2.com\/en\/wp-json\/wp\/v2\/users\/8"}],"replies":[{"embeddable":true,"href":"https:\/\/dmd2.com\/en\/wp-json\/wp\/v2\/comments?post=19031"}],"version-history":[{"count":17,"href":"https:\/\/dmd2.com\/en\/wp-json\/wp\/v2\/pages\/19031\/revisions"}],"predecessor-version":[{"id":20879,"href":"https:\/\/dmd2.com\/en\/wp-json\/wp\/v2\/pages\/19031\/revisions\/20879"}],"wp:attachment":[{"href":"https:\/\/dmd2.com\/en\/wp-json\/wp\/v2\/media?parent=19031"}],"curies":[{"name":"wp","href":"https:\/\/api.w.org\/{rel}","templated":true}]}}